{"id":13,"date":"2018-02-26T08:51:24","date_gmt":"2018-02-26T08:51:24","guid":{"rendered":"http:\/\/10.44.205.152\/free-1\/mesmerize\/"},"modified":"2019-11-04T16:11:02","modified_gmt":"2019-11-04T19:11:02","slug":"mesmerize","status":"publish","type":"page","link":"http:\/\/encidis-uff.com.br\/fr\/mesmerize\/","title":{"rendered":"Front Page"},"content":{"rendered":"<div  id=\"overlappable-4\" style=\"background-color: #ffffff; background-image: none;\" data-label=\"Overlappable\" data-id=\"overlappable-4\" data-export-id=\"overlappable-4\" data-category=\"overlappable\" class=\"overlappable-4 content-section content-section-spacing\" data-overlap=\"true\">\n    <div  class=\"gridContainer\">\n    <div  data-type=\"row\" class=\"row spaced-cols text-center\">\n    <div  class=\"col-xs-12 col-sm-4 col-padding\">\n    \n    <i  class=\"fa icon shadow-large-black aligncenter color1 fa-align-left reverse round large\"> <\/i>\n    <div  data-type=\"column\" class=\"\">\n    <h5  class=\"\">ORGANIZA\u00c7\u00c3O DE VERBETES<\/h5>\n    <p  class=\"\">Elaborar e organizar verbetes para uma enciclop\u00e9dia audiovisual virtual de An\u00e1lise do Discurso e \u00e1reas afins.<\/p>\n    \n    <\/div>\n    <\/div>\n    <div  class=\"col-xs-12 col-sm-4 col-padding\">\n    \n    <i  class=\"fa icon shadow-large-black aligncenter color1 fa-commenting-o reverse round large\"> <\/i>\n    <div  data-type=\"column\" class=\"\">\n    <h5  class=\"\">TRADU\u00c7\u00c3O E LEGENDAGEM<\/h5>\n    <p  class=\"\">Traduzir e legendar o discurso cient\u00edfico visando \u00e0 divulga\u00e7\u00e3o de<br >ci\u00eancia em meio digital e o funcionamento das tecnologias da linguagem.<\/p>\n    \n    <\/div>\n    <\/div>\n    <div  class=\"col-xs-12 col-sm-4 col-padding\">\n    \n    <i  class=\"fa icon shadow-large-black aligncenter color1 fa-star reverse round large\"> <\/i>\n    <div  data-type=\"column\" class=\"\">\n    <h5  class=\"\">VALORIZA\u00c7\u00c3O DO PESQUISADOR<\/h5>\n    <p  class=\"\">Dar a palavra ao pesquisador, seguindo os passos de outras iniciativas j\u00e1 existentes, como a de revistas on-line.<\/p>\n    \n    <\/div>\n    <\/div>\n    <\/div>\n    <\/div>\n    <\/div><div  data-label=\"About\" data-id=\"about-images-right-section\" data-export-id=\"about-images-right-section\" data-category=\"about\" class=\"about-images-right-section content-section content-section-spacing\" id=\"about-12\" style=\"background-color: rgb(245, 250, 253); background-image: none;\"> <div  class=\"gridContainer\"> <div  class=\"row middle-sm text-center\"> <div  class=\"col-sm-5 content-left-sm\" data-type=\"column\"> <h5  class=\"\"> LOREM IPSUM DOLOR <\/h5> <h2  class=\"\"> Enjoy the best <br > <span  style=\"font-family: Playfair Display, sans-serif; font-weight: 700; font-style: italic;\" href=\"#\"> design and functions <\/span> combined together <\/h2> <p  class=\"\"> Lorem ipsum dolor sit amet, consectetur adipisicing elit, sed do eiusmod tempor incididunt ut labore et dolore magna aliqua. Ut enim ad minim veniam, quis nostrud exercitation ullamco laboris nisi ut aliquip ex ea commodo consequat. <\/p> <a  class=\"button color1\" href=\"#\"> GET STARTED NOW <\/a> <\/div> <div  class=\"col-sm-7\"> <div  class=\"image-group-side-3-img\"> <img  class=\"topimg shadow-large\" src=\"http:\/\/encidis-uff.com.br\/wp-content\/uploads\/2018\/04\/cropped-msm-header-9-1.jpg\"> <img  class=\"rightimg shadow-large\" src=\"http:\/\/encidis-uff.com.br\/wp-content\/uploads\/2018\/04\/cropped-portfolio-4.jpg\"> <div  class=\"leftimg\"> <img  class=\"shadow-large\" src=\"http:\/\/encidis-uff.com.br\/wp-content\/uploads\/2018\/04\/cropped-msm-header-11.jpg\"> <\/div> <\/div> <\/div> <\/div> <\/div> <\/div><div  data-label=\"Features\" data-id=\"features-13-card-bordered\" data-export-id=\"features-13-card-bordered\" data-category=\"features\" class=\"features-13 content-section content-section-spacing\" id=\"features-7\" style=\"background-color: #f5fafd;\">\n    <div  class=\"gridContainer\">\n    <div  class=\"row text-center\">\n    <div  class=\"section-title-col\" data-type=\"column\">\n    <h2  class=\"\">A few things we\u2019re great at<\/h2>\n    <p  class=\"lead\">Lorem ipsum dolor sit amet, consectetur adipisicing elit, sed do eiusmod tempor incididunt ut labore et dolore magna aliqua. Ut enim ad minim veniam, quis nostrud.<\/p>\n    \n    <\/div>\n    <\/div>\n    <div  class=\"row spaced-cols content-center-sm\" data-type=\"row\">\n    <div  class=\"col-sm-4\">\n    <div  class=\"card bordered y-move\" data-type=\"column\">\n    \n    <i  class=\"fa icon color1 fa-codepen reverse round large\"> <\/i>\n    <h4  class=\"\">DESIGN<\/h4>\n    <p  class=\"\">Lorem ipsum dolor sit amet, consectetur adipiscing elit, sed do eiusmod tempor incididunt ut labore et dolore magna aliqua. Ut enim ad minim veniam, quis nostrud exercitation.<\/p>\n    <a  class=\"button small y-move color2\" href=\"#\"> GET STARTED <\/a>\n    \n    <\/div>\n    <\/div>\n    <div  class=\"col-sm-4\">\n    <div  class=\"card bordered y-move\" data-type=\"column\">\n    \n    <i  class=\"fa icon color1 fa-code reverse round large\"> <\/i>\n    <h4  class=\"\">DEVELOPMENT<\/h4>\n    <p  class=\"\">Lorem ipsum dolor sit amet, consectetur adipiscing elit, sed do eiusmod tempor incididunt ut labore et dolore magna aliqua. Ut enim ad minim veniam, quis nostrud exercitation.<\/p>\n    <a  class=\"button small y-move color2\" href=\"#\"> GET STARTED <\/a>\n    \n    <\/div>\n    <\/div>\n    <div  class=\"col-sm-4\">\n    <div  class=\"card bordered y-move\" data-type=\"column\">\n    \n    <i  class=\"fa icon color1 fa-support reverse round large\"> <\/i>\n    <h4  class=\"\">SUPPORT<\/h4>\n    <p  class=\"\">Lorem ipsum dolor sit amet, consectetur adipiscing elit, sed do eiusmod tempor incididunt ut labore et dolore magna aliqua. Ut enim ad minim veniam, quis nostrud exercitation.<\/p>\n    <a  class=\"button small y-move color2\" href=\"#\"> GET STARTED <\/a>\n    \n    <\/div>\n    <\/div>\n    <\/div>\n    <\/div>\n    <\/div><div  data-label=\"Cta\" data-id=\"cta-blue-section\" data-export-id=\"cta-blue-section\" data-category=\"cta\" class=\"cta-blue-section content-section content-section-spacing-medium bg-color1 white-text\" id=\"cta-1\">\n    <div  class=\"gridContainer\">\n    <div  class=\"row middle-xs\">\n    <div  class=\"col-sm-8 space-bottom-xs\" data-type=\"column\">\n    <h2  class=\"\">Work with us!<\/h2>\n    <\/div>\n    <div  class=\"col-sm-4 end-sm\" data-type=\"column\"><a  class=\"button color2\" href=\"#\"> GET STARTED TODAY <\/a><\/div>\n    <\/div>\n    <\/div>\n    <\/div><div  data-label=\"Counters\" data-id=\"counters-1\" data-export-id=\"counters-1\" data-category=\"counters\" class=\"counters-1 content-section content-section-spacing\" id=\"counters-1\" style=\"background-color: rgb(245, 250, 253); background-image: none;\">\n    <div  class=\"gridContainer\">\n    <div  class=\"row text-center\">\n    <div  class=\"section-title-col\" data-type=\"column\">\n    <h2  class=\"\">Our work in numbers<\/h2>\n    <p  class=\"lead\">Lorem ipsum dolor sit amet, consectetur adipisicing elit, sed do eiusmod tempor incididunt ut labore et dolore magna aliqua. Ut enim ad minim veniam, quis nostrud.<\/p>\n    \n    <\/div>\n    <\/div>\n    <div  class=\"row spaced-cols\" data-type=\"row\">\n    <div  class=\"col-xs-12 col-sm-4 space-bottom-small col-padding-xs\">\n    <div  class=\"circle-counter color1\">\n    \n    <svg  class=\"circle-svg\" viewBox=\"0 0 100 100\" style=\"height: 230.203px;\"> <circle  r=\"48\" stroke-linecap=\"round\" cx=\"50\" cy=\"50\" fill=\"transparent\" stroke-dasharray=\"301.6\" stroke-dashoffset=\"301.6px\"><\/circle> <circle  class=\"circle-bar\" r=\"48\" stroke-linecap=\"round\" cx=\"50\" cy=\"50\" fill=\"transparent\" stroke-dasharray=\"301.6\" stroke-dashoffset=\"301.6px\" style=\"stroke-dashoffset: 301.593px;\"><\/circle> <\/svg>\n    <div  class=\"circle-content\">\n    <h2  class=\"font-100\" data-min=\"0\" data-max=\"100\" data-stop=\"510\" data-prefix=\"\" data-suffix=\"\" data-countup=\"true\" data-duration=\"2000\"><\/h2>\n    Themes\n    \n    <\/div>\n    <\/div>\n    <\/div>\n    <div  class=\"col-xs-12 col-sm-4 space-bottom-small col-padding-xs\">\n    <div  class=\"circle-counter color2\">\n    \n    <svg  class=\"circle-svg\" viewBox=\"0 0 100 100\" style=\"height: 230.203px;\"> <circle  r=\"48\" stroke-linecap=\"round\" cx=\"50\" cy=\"50\" fill=\"transparent\" stroke-dasharray=\"301.6\" stroke-dashoffset=\"301.6px\"><\/circle> <circle  class=\"circle-bar\" r=\"48\" stroke-linecap=\"round\" cx=\"50\" cy=\"50\" fill=\"transparent\" stroke-dasharray=\"301.6\" stroke-dashoffset=\"301.6px\" style=\"stroke-dashoffset: 301.593px;\"><\/circle> <\/svg>\n    <div  class=\"circle-content\">\n    <h2  class=\"font-100\" data-min=\"0\" data-max=\"100\" data-stop=\"75\" data-prefix=\"\" data-suffix=\"K\" data-countup=\"true\" data-duration=\"2000\"><\/h2>\n    Clients\n    \n    <\/div>\n    <\/div>\n    <\/div>\n    <div  class=\"col-xs-12 col-sm-4 space-bottom-small col-padding-xs\">\n    <div  class=\"circle-counter color4\">\n    \n    <svg  class=\"circle-svg\" viewBox=\"0 0 100 100\" style=\"height: 230.203px;\"> <circle  r=\"48\" stroke-linecap=\"round\" cx=\"50\" cy=\"50\" fill=\"transparent\" stroke-dasharray=\"301.6\" stroke-dashoffset=\"301.6px\"><\/circle> <circle  class=\"circle-bar\" r=\"48\" stroke-linecap=\"round\" cx=\"50\" cy=\"50\" fill=\"transparent\" stroke-dasharray=\"301.6\" stroke-dashoffset=\"301.6px\" style=\"stroke-dashoffset: 301.593px;\"><\/circle> <\/svg>\n    <div  class=\"circle-content\">\n    <h2  class=\"font-100\" data-min=\"0\" data-max=\"100\" data-stop=\"100\" data-prefix=\"\" data-suffix=\"%\" data-countup=\"true\" data-duration=\"2000\"><\/h2>\n    Fun\n    \n    <\/div>\n    <\/div>\n    <\/div>\n    <\/div>\n    <\/div>\n    <\/div><div  data-label=\"Team\" data-id=\"team-5\" data-export-id=\"team-5\" data-category=\"team\" class=\"team-5 content-section content-section-spacing\" id=\"team-5\" style=\"background-color: #ffffff;\">\n    <div  class=\"gridContainer\">\n    <div  class=\"row text-center\">\n    <div  class=\"section-title-col\" data-type=\"column\">\n    <h2  class=\"\">Our Team<\/h2>\n    <p  class=\"lead\">Lorem ipsum dolor sit amet, consectetur adipisicing elit, sed do eiusmod tempor incididunt ut labore et dolore magna aliqua. Ut enim ad minim veniam, quis nostrud<\/p>\n    \n    <\/div>\n    <\/div>\n    <div  class=\"row spaced-cols content-center-sm\" data-type=\"row\">\n    <div  class=\"col-xs-12 col-sm-6 col-md-3 col-padding\">\n    <div  class=\"row \">\n    <div  data-type=\"column\" class=\"col-xs-12 col-sm-12\">\n    \n    <img  class=\"round face\" src=\"https:\/\/extendthemes.com\/mesmerize\/demos\/demo-free-2\/wp-content\/plugins\/mesmerize-companion\/theme-data\/mesmerize\/sections\/images\/team-1.jpg\">\n    <h4  class=\"end font-500\">Eleanor Fant<\/h4>\n    <p  class=\"italic\">job title<\/p>\n    <p  class=\"\">Lorem ipsum dolor sit amet, consectetur adipisicing elit.<\/p>\n    \n    <div  class=\"social-icons-group\" data-type=\"group\"><a  href=\"#\"><i  class=\"gray fa icon fa-facebook-square small\"><\/i><\/a> <a  href=\"#\"><i  class=\"gray fa icon fa-twitter-square small\"><\/i><\/a> <a  href=\"#\"><i  class=\"gray fa icon fa-linkedin-square small\"><\/i><\/a> <a  href=\"#\"><i  class=\"gray fa icon fa-google-plus-square small\"><\/i><\/a><\/div>\n    <\/div>\n    <\/div>\n    <\/div>\n    <div  class=\"col-xs-12 col-sm-6 col-md-3 col-padding\">\n    <div  class=\"row \">\n    <div  data-type=\"column\" class=\"col-xs-12 col-sm-12\">\n    \n    <img  class=\"round face\" src=\"https:\/\/extendthemes.com\/mesmerize\/demos\/demo-free-2\/wp-content\/plugins\/mesmerize-companion\/theme-data\/mesmerize\/sections\/images\/team-2.jpg\">\n    <h4  class=\"end font-500\">Brandon Guidelines<\/h4>\n    <p  class=\"italic\">job title<\/p>\n    <p  class=\"\">Lorem ipsum dolor sit amet, consectetur adipisicing elit.<\/p>\n    \n    <div  class=\"social-icons-group\" data-type=\"group\"><a  href=\"#\"><i  class=\"gray fa icon fa-facebook-square small\"><\/i><\/a> <a  href=\"#\"><i  class=\"gray fa icon fa-twitter-square small\"><\/i><\/a> <a  href=\"#\"><i  class=\"gray fa icon fa-linkedin-square small\"><\/i><\/a> <a  href=\"#\"><i  class=\"gray fa icon fa-google-plus-square small\"><\/i><\/a><\/div>\n    <\/div>\n    <\/div>\n    <\/div>\n    <div  class=\"col-xs-12 col-sm-6 col-md-3 col-padding\">\n    <div  class=\"row \">\n    <div  data-type=\"column\" class=\"col-xs-12 col-sm-12\">\n    \n    <img  class=\"round face\" src=\"https:\/\/extendthemes.com\/mesmerize\/demos\/demo-free-2\/wp-content\/plugins\/mesmerize-companion\/theme-data\/mesmerize\/sections\/images\/team-3.jpg\">\n    <h4  class=\"end font-500\">Sue Shei<\/h4>\n    <p  class=\"italic\">job title<\/p>\n    <p  class=\"\">Lorem ipsum dolor sit amet, consectetur adipisicing elit.<\/p>\n    \n    <div  class=\"social-icons-group\" data-type=\"group\"><a  href=\"#\"><i  class=\"gray fa icon fa-facebook-square small\"><\/i><\/a> <a  href=\"#\"><i  class=\"gray fa icon fa-twitter-square small\"><\/i><\/a> <a  href=\"#\"><i  class=\"gray fa icon fa-linkedin-square small\"><\/i><\/a> <a  href=\"#\"><i  class=\"gray fa icon fa-google-plus-square small\"><\/i><\/a><\/div>\n    <\/div>\n    <\/div>\n    <\/div>\n    <div  class=\"col-xs-12 col-sm-6 col-md-3 col-padding\">\n    <div  class=\"row \">\n    <div  data-type=\"column\" class=\"col-xs-12 col-sm-12\">\n    \n    <img  class=\"round face\" src=\"https:\/\/extendthemes.com\/mesmerize\/demos\/demo-free-2\/wp-content\/plugins\/mesmerize-companion\/theme-data\/mesmerize\/sections\/images\/team-4.jpg\">\n    <h4  class=\"end font-500\">Willma Barrow<\/h4>\n    <p  class=\"italic\">job title<\/p>\n    <p  class=\"\">Lorem ipsum dolor sit amet, consectetur adipisicing elit.<\/p>\n    \n    <div  class=\"social-icons-group\" data-type=\"group\"><a  href=\"#\"><i  class=\"gray fa icon fa-facebook-square small\"><\/i><\/a> <a  href=\"#\"><i  class=\"gray fa icon fa-twitter-square small\"><\/i><\/a> <a  href=\"#\"><i  class=\"gray fa icon fa-linkedin-square small\"><\/i><\/a> <a  href=\"#\"><i  class=\"gray fa icon fa-google-plus-square small\"><\/i><\/a><\/div>\n    <\/div>\n    <\/div>\n    <\/div>\n    <\/div>\n    <\/div>\n    <\/div><div  data-label=\"Latest-news\" data-id=\"blog-section\" data-export-id=\"blog-section\" data-category=\"latest_news\" class=\"blog-section content-section content-section-spacing\" id=\"latest-news-1\" style=\"background-color: #f5fafd;\">\n    <div  class=\"gridContainer\">\n    <div  class=\"row\">\n    <div  data-type=\"column\" class=\"section-title-col\">\n    <h2  class=\"\">Latest News<\/h2>\n    <p  class=\"lead\">Lorem ipsum dolor sit amet, consectetur adipisicing elit, sed do eiusmod tempor incididunt ut labore et dolore magna aliqua. Ut enim ad minim veniam, quis nostrud.<\/p>\n    \n    <\/div>\n    <\/div>\n    <div  class=\"row\">\n    <div  data-type=\"row\" data-dynamic-columns=\"handled\" data-content-shortcode=\"mesmerize_latest_news\">        <div class=\"row center-sm content-left-sm\">\n                    <div id=\"post-1\" class=\"col-sm-6 col-md-4 space-bottom space-bottom-xs\">\n                <div class=\"post-content card y-move bordered\">\n                        <div class=\"post-thumbnail\">\n        <a href=\"http:\/\/encidis-uff.com.br\/fr\/ola-mundo\/\" class=\"post-list-item-thumb \">\n                            \n                                    <svg class=\"mesmerize-post-list-item-thumb-placeholder\" width=\"890\" height=\"580\" viewBox=\"0 0 890 580\" preserveAspectRatio=\"none\">\n                        <rect width=\"890\" height=\"580\" style=\"fill:#FF9800;\"><\/rect>\n                    <\/svg>\n                                    <\/a>\n    <\/div>\n                        <div class=\"col-padding col-padding-xs\">\n                        <h3 class=\"post-title space-bottom-small\">\n                            <a href=\"http:\/\/encidis-uff.com.br\/fr\/ola-mundo\/\" rel=\"bookmark\">\n                                Ol\u00e1, mundo!                            <\/a>\n                        <\/h3>\n                        <p>Boas-vindas ao WordPress. Esse \u00e9 o seu primeiro post. Edite-o ou exclua-o, e ent\u00e3o comece a escrever!<\/p>\n                        <a class=\"read-more link\" href=\"http:\/\/encidis-uff.com.br\/fr\/ola-mundo\/\">\n                            Read more                        <\/a>\n                    <\/div>\n                <\/div>\n            <\/div>\n                    <div id=\"post-84\" class=\"col-sm-6 col-md-4 space-bottom space-bottom-xs\">\n                <div class=\"post-content card y-move bordered\">\n                        <div class=\"post-thumbnail\">\n        <a href=\"http:\/\/encidis-uff.com.br\/fr\/hello-world\/\" class=\"post-list-item-thumb \">\n            <img width=\"1024\" height=\"683\" src=\"http:\/\/encidis-uff.com.br\/wp-content\/uploads\/2018\/02\/portfolio-6-1024x683.jpg\" class=\"attachment-post-thumbnail size-post-thumbnail wp-post-image\" alt=\"\" loading=\"lazy\" srcset=\"http:\/\/encidis-uff.com.br\/wp-content\/uploads\/2018\/02\/portfolio-6-1024x683.jpg 1024w, http:\/\/encidis-uff.com.br\/wp-content\/uploads\/2018\/02\/portfolio-6-300x200.jpg 300w, http:\/\/encidis-uff.com.br\/wp-content\/uploads\/2018\/02\/portfolio-6-768x512.jpg 768w, http:\/\/encidis-uff.com.br\/wp-content\/uploads\/2018\/02\/portfolio-6.jpg 1200w\" sizes=\"(max-width: 1024px) 100vw, 1024px\" \/>        <\/a>\n    <\/div>\n                        <div class=\"col-padding col-padding-xs\">\n                        <h3 class=\"post-title space-bottom-small\">\n                            <a href=\"http:\/\/encidis-uff.com.br\/fr\/hello-world\/\" rel=\"bookmark\">\n                                Hello world!                            <\/a>\n                        <\/h3>\n                        <p>Welcome to WordPress. This is your first post. Edit or delete it, then start writing!<\/p>\n                        <a class=\"read-more link\" href=\"http:\/\/encidis-uff.com.br\/fr\/hello-world\/\">\n                            Read more                        <\/a>\n                    <\/div>\n                <\/div>\n            <\/div>\n                    <div id=\"post-289\" class=\"col-sm-6 col-md-4 space-bottom space-bottom-xs\">\n                <div class=\"post-content card y-move bordered\">\n                        <div class=\"post-thumbnail\">\n        <a href=\"http:\/\/encidis-uff.com.br\/fr\/theres-a-voice-that-keeps-on-calling-me\/\" class=\"post-list-item-thumb \">\n            <img width=\"1024\" height=\"683\" src=\"http:\/\/encidis-uff.com.br\/wp-content\/uploads\/2018\/02\/portfolio-4-1024x683.jpg\" class=\"attachment-post-thumbnail size-post-thumbnail wp-post-image\" alt=\"\" loading=\"lazy\" srcset=\"http:\/\/encidis-uff.com.br\/wp-content\/uploads\/2018\/02\/portfolio-4-1024x683.jpg 1024w, http:\/\/encidis-uff.com.br\/wp-content\/uploads\/2018\/02\/portfolio-4-300x200.jpg 300w, http:\/\/encidis-uff.com.br\/wp-content\/uploads\/2018\/02\/portfolio-4-768x512.jpg 768w, http:\/\/encidis-uff.com.br\/wp-content\/uploads\/2018\/02\/portfolio-4.jpg 1200w\" sizes=\"(max-width: 1024px) 100vw, 1024px\" \/>        <\/a>\n    <\/div>\n                        <div class=\"col-padding col-padding-xs\">\n                        <h3 class=\"post-title space-bottom-small\">\n                            <a href=\"http:\/\/encidis-uff.com.br\/fr\/theres-a-voice-that-keeps-on-calling-me\/\" rel=\"bookmark\">\n                                There&#8217;s a voice that keeps on calling me                            <\/a>\n                        <\/h3>\n                        <p>Ulysses, Ulysses &#8211; Soaring through all the galaxies. In search of Earth, flying in to the night. Ulysses, Ulysses &#8211; Fighting evil and tyranny, with all his power, and with[&hellip;]<\/p>\n                        <a class=\"read-more link\" href=\"http:\/\/encidis-uff.com.br\/fr\/theres-a-voice-that-keeps-on-calling-me\/\">\n                            Read more                        <\/a>\n                    <\/div>\n                <\/div>\n            <\/div>\n            <\/div>\n    <\/div>\n    <\/div>\n    <div  class=\"row\">\n    <div  class=\"text-center\"><a  class=\"button color1\" data-attr-shortcode=\"href:mesmerize_blog_link\" href=\"http:\/\/encidis-uff.com.br\/fr\/blog\/\" target=\"_self\" rel=\"noopener noreferrer\">SEE ALL BLOG POSTS<\/a><\/div>\n    <\/div>\n    <\/div>\n    <\/div><div  data-label=\"Contact\" data-id=\"contact-1\" data-export-id=\"contact-1\" data-category=\"contact\" class=\"contact-1 content-section content-section-spacing white-text\" data-parallax-depth=\"20\" id=\"contact-1\" style=\"background-color: #ffffff; background-image: url('http:\/\/encidis-uff.com.br\/wp-content\/uploads\/2018\/02\/contact-bg.jpg'); background-size: cover; background-position: center top;\">\n    <div  class=\"\">\n    <div  class=\"row text-center\">\n    <div  class=\"section-title-col\" data-type=\"column\">\n    <h2  class=\"\">Contact us<\/h2>\n    <p  class=\"lead\">With the Internet spreading linke wildfire and reaching every part of our daily life, more and more traffic is directed to websites in search for information.<\/p>\n    \n    <\/div>\n    <\/div>\n    <div  class=\"row text-center\">\n    <div  class=\"col-xs-12 col-sm-8 col-sm-offset-2 contact-form-wrapper inline-info\">\n    <div  class=\"card large-padding\">\n    <div  class=\"\" data-content-shortcode=\"mesmerize_contact_form shortcode=&quot;contact-form-7 id=&amp;amp;quot;4&amp;amp;quot; title=&amp;amp;quot;Contact form 1&amp;amp;quot;&quot;\" data-editable=\"true\"><div role=\"form\" class=\"wpcf7\" id=\"wpcf7-f333-o1\" lang=\"en-US\" dir=\"ltr\">\n<div class=\"screen-reader-response\"><\/div>\n<form action=\"\/fr\/wp-json\/wp\/v2\/pages\/13#wpcf7-f333-o1\" method=\"post\" class=\"wpcf7-form\" novalidate=\"novalidate\">\n<div style=\"display: none;\">\n<input type=\"hidden\" name=\"_wpcf7\" value=\"333\" \/>\n<input type=\"hidden\" name=\"_wpcf7_version\" value=\"5.1.4\" \/>\n<input type=\"hidden\" name=\"_wpcf7_locale\" value=\"en_US\" \/>\n<input type=\"hidden\" name=\"_wpcf7_unit_tag\" value=\"wpcf7-f333-o1\" \/>\n<input type=\"hidden\" name=\"_wpcf7_container_post\" value=\"0\" \/>\n<\/div>\n<p><label> Your Name (required)<br \/>\n    <span class=\"wpcf7-form-control-wrap your-name\"><input type=\"text\" name=\"your-name\" value=\"\" size=\"40\" class=\"wpcf7-form-control wpcf7-text wpcf7-validates-as-required\" aria-required=\"true\" aria-invalid=\"false\" \/><\/span> <\/label><\/p>\n<p><label> Your Email (required)<br \/>\n    <span class=\"wpcf7-form-control-wrap your-email\"><input type=\"email\" name=\"your-email\" value=\"\" size=\"40\" class=\"wpcf7-form-control wpcf7-text wpcf7-email wpcf7-validates-as-required wpcf7-validates-as-email\" aria-required=\"true\" aria-invalid=\"false\" \/><\/span> <\/label><\/p>\n<p><label> Subject<br \/>\n    <span class=\"wpcf7-form-control-wrap your-subject\"><input type=\"text\" name=\"your-subject\" value=\"\" size=\"40\" class=\"wpcf7-form-control wpcf7-text\" aria-invalid=\"false\" \/><\/span> <\/label><\/p>\n<p><label> Your Message<br \/>\n    <span class=\"wpcf7-form-control-wrap your-message\"><textarea name=\"your-message\" cols=\"40\" rows=\"10\" class=\"wpcf7-form-control wpcf7-textarea\" aria-invalid=\"false\"><\/textarea><\/span> <\/label><\/p>\n<p><input type=\"submit\" value=\"Send\" class=\"wpcf7-form-control wpcf7-submit\" \/><\/p>\n<div class=\"wpcf7-response-output wpcf7-display-none\"><\/div><\/form><\/div><\/div>\n    <\/div>\n    <\/div>\n    <\/div>\n    <\/div>\n    <\/div>","protected":false},"excerpt":{"rendered":"<p>ORGANIZA\u00c7\u00c3O DE VERBETES Elaborar e organizar verbetes para uma enciclop\u00e9dia audiovisual virtual de An\u00e1lise do Discurso e \u00e1reas afins. TRADU\u00c7\u00c3O E LEGENDAGEM Traduzir e legendar o discurso cient\u00edfico visando \u00e0 divulga\u00e7\u00e3o deci\u00eancia em meio digital e o funcionamento das tecnologias da linguagem. VALORIZA\u00c7\u00c3O DO PESQUISADOR Dar a palavra ao pesquisador, seguindo os passos de outras&hellip; <br \/> <a class=\"read-more\" href=\"http:\/\/encidis-uff.com.br\/fr\/theres-a-voice-that-keeps-on-calling-me\/\">Read more<\/a><\/p>\n","protected":false},"author":1,"featured_media":0,"parent":0,"menu_order":0,"comment_status":"closed","ping_status":"closed","template":"page-templates\/homepage.php","meta":[],"translation":{"provider":"WPGlobus","version":"2.8.11","language":"fr","enabled_languages":["br","en","es","fr"],"languages":{"br":{"title":true,"content":true,"excerpt":false},"en":{"title":false,"content":false,"excerpt":false},"es":{"title":false,"content":false,"excerpt":false},"fr":{"title":false,"content":false,"excerpt":false}}},"_links":{"self":[{"href":"http:\/\/encidis-uff.com.br\/fr\/wp-json\/wp\/v2\/pages\/13"}],"collection":[{"href":"http:\/\/encidis-uff.com.br\/fr\/wp-json\/wp\/v2\/pages"}],"about":[{"href":"http:\/\/encidis-uff.com.br\/fr\/wp-json\/wp\/v2\/types\/page"}],"author":[{"embeddable":true,"href":"http:\/\/encidis-uff.com.br\/fr\/wp-json\/wp\/v2\/users\/1"}],"replies":[{"embeddable":true,"href":"http:\/\/encidis-uff.com.br\/fr\/wp-json\/wp\/v2\/comments?post=13"}],"version-history":[{"count":6,"href":"http:\/\/encidis-uff.com.br\/fr\/wp-json\/wp\/v2\/pages\/13\/revisions"}],"predecessor-version":[{"id":356,"href":"http:\/\/encidis-uff.com.br\/fr\/wp-json\/wp\/v2\/pages\/13\/revisions\/356"}],"wp:attachment":[{"href":"http:\/\/encidis-uff.com.br\/fr\/wp-json\/wp\/v2\/media?parent=13"}],"curies":[{"name":"wp","href":"https:\/\/api.w.org\/{rel}","templated":true}]}}