{"id":624,"date":"2020-06-17T16:10:31","date_gmt":"2020-06-17T19:10:31","guid":{"rendered":"http:\/\/encidis-uff.com.br\/?page_id=624"},"modified":"2024-11-05T14:32:38","modified_gmt":"2024-11-05T17:32:38","slug":"videoverbetes-2","status":"publish","type":"page","link":"http:\/\/encidis-uff.com.br\/fr\/videoverbetes-2\/","title":{"rendered":"Videoverbetes"},"content":{"rendered":"<h2>Entr\u00e9es (mots vid\u00e9o)<\/h2>\n<p>\t\t\t\t\t\t\t\t\t<a href=\"\">An\u00e1lise do Discurso<\/a><br \/>\n\t\t\t\t\t\t\t\t\t<a href=\"\">Hist\u00f3ria das Ideias Lingu\u00edsticas<\/a><br \/>\n\t\t\t\t\t\t\t\t\t<a href=\"\">Sem\u00e2ntica<\/a><br \/>\n\t\t\t\t\t\t\t\t\tAn\u00e1lise do Discurso<\/p>\n<table style=\"width: 100%; text-align: center; margin: 0 auto;\">\n<tbody>\n<tr style=\"background: #76192d;\">\n<td style=\"color: #fff;\" width=\"366\"><strong>Verbete<\/strong><\/td>\n<td style=\"color: #fff;\" width=\"387\"><strong>Pesquisador<\/strong><\/td>\n<\/tr>\n<tr>\n<td width=\"304\"><a href=\"https:\/\/www.youtube.com\/watch?v=exCWhsW3hug\">Acontecimento discursivo<\/a><\/td>\n<td width=\"242\">M\u00f3nica ZoppiFontana (UNICAMP)<\/td>\n<\/tr>\n<tr>\n<td width=\"304\"><a href=\"https:\/\/www.youtube.com\/watch?v=lKvyCI567lg\">Acontecimento, deslocamento, estranhamento<\/a><\/td>\n<td width=\"242\">Luciene Jung de Campos (UCS)<\/td>\n<\/tr>\n<tr>\n<td><a href=\"https:\/\/www.youtube.com\/watch?v=arIKhycYMYw\" target=\"_blank\" rel=\"noopener\">Acontecimento Jornal\u00edstico<\/a><\/td>\n<td width=\"242\">Silmara Dela Silva (UFF)<\/td>\n<\/tr>\n<tr>\n<td width=\"304\"><a href=\"https:\/\/www.youtube.com\/watch?v=ZYUWbsYKgKk\">Arquivo e Museu da L\u00edngua Portuguesa<\/a><\/td>\n<td width=\"242\">Luc\u00edlia M. Abrah\u00e3o e Sousa (USP)<\/td>\n<\/tr>\n<tr>\n<td><a href=\"https:\/\/www.youtube.com\/watch?v=dM4wpIWUpms\" target=\"_blank\" rel=\"noopener\">Car\u00e1ter Material Do Sentido<\/a><\/td>\n<td width=\"242\">Helson Sobrinho (UFAL)<\/td>\n<\/tr>\n<tr>\n<td width=\"304\"><a href=\"https:\/\/www.youtube.com\/watch?v=7LYWQT5rxSc\">Censura<\/a><\/td>\n<td width=\"242\">Carla Barbosa Moreira (CEFET-MG)<\/td>\n<\/tr>\n<tr>\n<td width=\"304\"><a href=\"https:\/\/www.youtube.com\/watch?v=jLVl-HzqBE4&amp;ab_channel=enciDISUFF\">Censura 2 &#8211; Evidenciamento<\/a><\/td>\n<td width=\"242\">Carla Barbosa Moreira (CEFET-MG)<\/td>\n<\/tr>\n<tr>\n<td><a href=\"https:\/\/www.youtube.com\/watch?v=I0NlqN8sIzk\" target=\"_blank\" rel=\"noopener\">Classes Sociais<\/a><\/td>\n<td width=\"242\">Belmira Magalh\u00e3es (UFAL)<\/td>\n<\/tr>\n<tr>\n<td width=\"304\"><a href=\"https:\/\/www.youtube.com\/watch?v=FrToVjnXwVk\">Condi\u00e7\u00f5es de produ\u00e7\u00e3o<\/a><\/td>\n<td width=\"242\">Fabiele de Nardi (UFPE)<\/td>\n<\/tr>\n<tr>\n<td width=\"304\"><a href=\"https:\/\/www.youtube.com\/watch?v=OZ_HBfrQiSY&amp;ab_channel=enciDISUFF\">Contradi\u00e7\u00e3o<\/a><\/td>\n<td width=\"242\">Guilherme Adorno (UEM)<\/td>\n<\/tr>\n<tr>\n<td width=\"304\"><a href=\"https:\/\/www.youtube.com\/watch?v=rzLr6tT6kIw&amp;ab_channel=enciDISUFF\">Contradi\u00e7\u00e3o Discursiva<\/a><\/td>\n<td width=\"242\">Guilherme Adorno (UEM)<\/td>\n<\/tr>\n<tr>\n<td width=\"304\"><a href=\"https:\/\/www.youtube.com\/watch?v=eXc0P7lhjCk\">Discurso<\/a><\/td>\n<td width=\"242\">Jos\u00e9 Sim\u00e3o da Silva Sobrinho (UFU)<\/td>\n<\/tr>\n<tr>\n<td width=\"304\"><a href=\"https:\/\/www.youtube.com\/watch?v=bx1OFbRTUO0\">Discurso e cinismo<\/a><\/td>\n<td width=\"242\">Lauro Baldini (UNICAMP)<\/td>\n<\/tr>\n<tr>\n<td><a href=\"https:\/\/www.youtube.com\/watch?v=ags6HjxmQkU\" target=\"_blank\" rel=\"noopener\">Discurso e Ensino<\/a><\/td>\n<td width=\"242\">Andr\u00e9a Rodrigues (FFP &#8211; UERJ)<\/td>\n<\/tr>\n<tr>\n<td><a href=\"https:\/\/www.youtube.com\/watch?v=Pdf82_z-sfY\" target=\"_blank\" rel=\"noopener\">Discurso e Poesia I<\/a><\/td>\n<td width=\"242\">Eliana De Almeida (UNEMAT)<\/td>\n<\/tr>\n<tr>\n<td><a href=\"https:\/\/www.youtube.com\/watch?v=9b4aDn-5Ais\" target=\"_blank\" rel=\"noopener\">Discurso e Poesia II<\/a><\/td>\n<td width=\"242\">Eliana De Almeida (UNEMAT)<\/td>\n<\/tr>\n<tr>\n<td><a href=\"https:\/\/www.youtube.com\/watch?v=YGBEuvBmdPc\" target=\"_blank\" rel=\"noopener\">Discurso de Escrita<\/a><\/td>\n<td width=\"242\">Solange Gallo (UNISUL)<\/td>\n<\/tr>\n<tr>\n<td><a href=\"https:\/\/www.youtube.com\/watch?v=Djoha1jq9IE\" target=\"_blank\" rel=\"noopener\">Discurso Jornal\u00edstico<\/a><\/td>\n<td width=\"242\">Giovanna Benedetto Flores (UNISUL)<\/td>\n<\/tr>\n<tr>\n<td><a href=\"https:\/\/youtu.be\/YKhsGTZP2jI\" target=\"_blank\" rel=\"noopener\">Discursos Racializados<\/a><\/td>\n<td width=\"242\">\n<p>Rog\u00e9rio Modesto\u00a0(UESC)<\/p>\n<\/td>\n<\/tr>\n<tr>\n<td><a href=\"https:\/\/www.youtube.com\/watch?v=KbApDLa-xeo\" target=\"_blank\" rel=\"noopener\">Discurso Transverso<\/a><\/td>\n<td width=\"242\">Luciana Vinhas (UFRGS)<\/td>\n<\/tr>\n<tr>\n<td width=\"304\"><a href=\"https:\/\/www.youtube.com\/watch?v=SCfyPvIFAP0\">Entremeio I<\/a><\/td>\n<td width=\"242\">Maria Teresa Celada (USP)<\/td>\n<\/tr>\n<tr>\n<td width=\"304\"><a href=\"https:\/\/www.youtube.com\/watch?v=OLePH78-hkA\">Entremeio II<\/a><\/td>\n<td width=\"242\">Maria Teresa Celada (USP)<\/td>\n<\/tr>\n<tr>\n<td width=\"304\"><a href=\"https:\/\/www.youtube.com\/watch?v=VQzX0bFhBdg\">Entremeio III<\/a><\/td>\n<td width=\"242\">Maria Teresa Celada (USP)<\/td>\n<\/tr>\n<tr>\n<td width=\"304\"><a href=\"https:\/\/www.youtube.com\/watch?v=1dAvaRePOr8\">Enuncia\u00e7\u00e3o<\/a><\/td>\n<td width=\"242\">M\u00f3nica ZoppiFontana (UNICAMP)<\/td>\n<\/tr>\n<tr>\n<td width=\"304\"><a href=\"https:\/\/www.youtube.com\/watch?v=Q2B7idYE4YM&amp;t=14s\">Equa\u00e7\u00e3o Lingu\u00edstica<\/a><\/td>\n<td width=\"242\">Alexandre Ferrari (Unioeste)<\/td>\n<\/tr>\n<tr>\n<td width=\"304\"><a href=\"https:\/\/www.youtube.com\/watch?v=DoSnntVnLlg&amp;t=1s\">Equ\u00edvoco na l\u00edngua<\/a><\/td>\n<td width=\"242\">Maria Cristina Leandro Ferreira (UFRGS)<\/td>\n<\/tr>\n<tr>\n<td width=\"\"><a href=\"https:\/\/youtu.be\/2H_9iTzfyMw\">\u00a0Gloss\u00e1rio da An\u00e1lise do Discurso<\/a><\/td>\n<td width=\"242\">Maria Cristina Leandro Ferreira (UFRGS)<\/td>\n<\/tr>\n<tr>\n<td><a href=\"https:\/\/www.youtube.com\/watch?v=E2Lj449ahzc\" target=\"_blank\" rel=\"noopener\">Escritoralidade<\/a><\/td>\n<td width=\"242\">Solange Gallo (UNISUL)<\/td>\n<\/tr>\n<tr>\n<td width=\"304\"><a href=\"https:\/\/www.youtube.com\/watch?v=ChfstYlnCOo\">Espa\u00e7o virtual<\/a><\/td>\n<td width=\"242\">Evandra Grigoletto (UFPE)<\/td>\n<\/tr>\n<tr>\n<td width=\"304\"><a href=\"https:\/\/www.youtube.com\/watch?v=ST1ycFwGKm4\">Forma\u00e7\u00e3o Discursiva<\/a><\/td>\n<td width=\"242\">Carolina Fedatto (UNIV\u00c1S)<\/td>\n<\/tr>\n<tr>\n<td width=\"304\"><a href=\"https:\/\/www.youtube.com\/watch?v=Qs1KtjJI8Ik\">Forma\u00e7\u00e3o Discursiva I<\/a><\/td>\n<td width=\"242\">Freda Indursky (UFRGS)<\/td>\n<\/tr>\n<tr>\n<td width=\"304\"><a href=\"https:\/\/www.youtube.com\/watch?v=B5ktV9VO6hg\">Forma\u00e7\u00e3o Discursiva II<\/a><\/td>\n<td width=\"242\">Freda Indursky (UFRGS)<\/td>\n<\/tr>\n<tr>\n<td width=\"304\"><a href=\"https:\/\/www.youtube.com\/watch?v=Te6H7jifERo\">Forma\u00e7\u00f5es Imagin\u00e1rias<\/a><\/td>\n<td width=\"242\">Felipe Barbosa Dezerto (Col\u00e9gio Pedro II)<\/td>\n<\/tr>\n<tr>\n<td width=\"304\"><a href=\"https:\/\/www.youtube.com\/watch?v=KJik4rLQoQE&amp;\" target=\"_blank\" rel=\"noopener\">Gesto e voz como objeto simb\u00f3lico I<\/a><\/td>\n<td width=\"242\">Pedro de Souza (UFSC)<\/td>\n<\/tr>\n<tr>\n<td><a href=\"https:\/\/www.youtube.com\/watch?v=fzKapXzLHbs\" target=\"_blank\" rel=\"noopener\">Historicidade<\/a><\/td>\n<td width=\"242\">Rodrigo Fonseca (UFSB)<\/td>\n<\/tr>\n<tr>\n<td width=\"304\"><a href=\"https:\/\/www.youtube.com\/watch?v=AusR1HrJCUM\">Ideologia e rede eletr\u00f4nica<\/a><\/td>\n<td width=\"242\">Luc\u00edlia M. Abrah\u00e3o e Sousa (USP)<\/td>\n<\/tr>\n<tr>\n<td width=\"304\"><a href=\"https:\/\/www.youtube.com\/watch?v=QZKBRbxg44I\">Lugar discursivo<\/a><\/td>\n<td width=\"242\">Evandra Grigoletto (UFPE)<\/td>\n<\/tr>\n<tr>\n<td width=\"304\"><a href=\"https:\/\/www.youtube.com\/watch?v=9PCwWPejURQ\">Materialidade significante<\/a><\/td>\n<td width=\"242\">Suzy Lagazzi (UNICAMP)<\/td>\n<\/tr>\n<tr>\n<td width=\"304\"><a href=\"https:\/\/www.youtube.com\/watch?v=Pl6dpFWiLgQ\" target=\"_blank\" rel=\"noopener\">Materialismo Hist\u00f3rico e Dial\u00e9tico<\/a><\/td>\n<td width=\"242\">Belmira Magalh\u00e3es (UFAL)<\/td>\n<\/tr>\n<tr>\n<td width=\"304\"><a href=\"https:\/\/www.youtube.com\/watch?v=EmwhskFfMnk\">Mem\u00f3ria Discursiva I<\/a><\/td>\n<td width=\"242\">Alexandre Ferrari (Unioeste)<\/td>\n<\/tr>\n<tr>\n<td width=\"304\"><a href=\"https:\/\/www.youtube.com\/watch?v=-HTLQKvh0t4&amp;t=4s\" target=\"_blank\" rel=\"noopener\">Mem\u00f3ria Discursiva I<\/a><\/td>\n<td width=\"242\">Maria Onice Payer (USP)<\/td>\n<\/tr>\n<tr>\n<td width=\"304\"><a href=\"https:\/\/www.youtube.com\/watch?v=QaAOcC9u2Qc\" target=\"_blank\" rel=\"noopener\">Mem\u00f3ria Discursiva II<\/a><\/td>\n<td width=\"242\">Maria Onice Payer (USP)<\/td>\n<\/tr>\n<tr>\n<td width=\"304\"><a href=\"https:\/\/www.youtube.com\/watch?v=u0Pf4OXFwQw\">Mem\u00f3ria met\u00e1lica<\/a><\/td>\n<td width=\"242\">Cristiane Dias (UNICAMP)<\/td>\n<\/tr>\n<tr>\n<td width=\"304\"><a href=\"https:\/\/www.youtube.com\/watch?v=sPJC8rB87eg\">Met\u00e1fora I <\/a><\/td>\n<td width=\"242\">Andr\u00e9a Dalto\u00e9 (UNISUL)<\/td>\n<\/tr>\n<tr>\n<td width=\"304\"><a href=\"https:\/\/www.youtube.com\/watch?v=USRyRp-ZnKo\">Met\u00e1fora II <\/a><\/td>\n<td width=\"242\">Andr\u00e9a Dalto\u00e9 (UNISUL)<\/td>\n<\/tr>\n<tr>\n<td width=\"304\"><a href=\"https:\/\/www.youtube.com\/watch?v=QWIzM4QOhCA\">Nega\u00e7\u00e3o e nega\u00e7\u00e3o discursiva<\/a><\/td>\n<td width=\"242\">Carolina Fedatto (UNIV\u00c1S)<\/td>\n<\/tr>\n<tr>\n<td><a href=\"https:\/\/www.youtube.com\/watch?v=Q0W9YzwUWpE\" target=\"_blank\" rel=\"noopener\">Pr\u00e9-constru\u00eddo<\/a><\/td>\n<td width=\"242\">Luciana Vinhas (UFRGS)<\/td>\n<\/tr>\n<tr>\n<td><a href=\"https:\/\/www.youtube.com\/watch?v=Q06q8U52lbg\" target=\"_blank\" rel=\"noopener\">Processos Discursivos<\/a><\/td>\n<td width=\"242\">Joyce Palha Cola\u00e7a (UFS)<\/td>\n<\/tr>\n<tr>\n<td><a href=\"https:\/\/www.youtube.com\/watch?v=4DJbHnrcWAM\" target=\"_blank\" rel=\"noopener\">Resist\u00eancia<\/a><\/td>\n<td width=\"242\">Helson Sobrinho (UFAL)<\/td>\n<\/tr>\n<tr>\n<td width=\"304\"><a href=\"https:\/\/www.youtube.com\/watch?v=I8xWY2wjiD0\" target=\"_blank\" rel=\"noopener\">Resistencia simb\u00f3lica<\/a><\/td>\n<td width=\"242\">Suzy Lagazzi (UNICAMP)<\/td>\n<\/tr>\n<tr>\n<td width=\"304\"><a href=\"https:\/\/www.youtube.com\/watch?v=0-DYCSvacCs\">Sujeito e L\u00edngua<\/a><\/td>\n<td width=\"242\">Maria Cristina Leandro Ferreira (UFRGS)<\/td>\n<\/tr>\n<tr>\n<td width=\"304\"><a href=\"https:\/\/www.youtube.com\/watch?v=YqVUpuZpZfE\">Sujeito urbano escolarizado<\/a><\/td>\n<td width=\"242\">Claudia C. Pfeiffer (UNICAMP)<\/td>\n<\/tr>\n<tr>\n<td width=\"304\"><a href=\"https:\/\/www.youtube.com\/watch?v=30NDGcsu61s\">Texto escolar e discurso<\/a><\/td>\n<td width=\"242\">Claudia C. Pfeiffer (UNICAMP)<\/td>\n<\/tr>\n<tr>\n<td width=\"304\"><a href=\"https:\/\/youtu.be\/qZQa0qq__XQ\">Trajeto discursivo do olhar <\/a><\/td>\n<td width=\"242\">Suzy Lagazzi (UNICAMP)<\/td>\n<\/tr>\n<tr>\n<td width=\"304\"><a href=\"https:\/\/www.youtube.com\/watch?v=xhxzLP7iolg\">Tr\u00edplice alian\u00e7a<\/a><\/td>\n<td width=\"242\">Lauro Baldini (UNICAMP)<\/td>\n<\/tr>\n<tr>\n<td width=\"304\"><a href=\"https:\/\/www.youtube.com\/watch?v=0SdvzF1dpPY\">Voz e processo de subjetiva\u00e7\u00e3o<\/a><\/td>\n<td width=\"242\">Pedro de Souza (UFSC)<\/td>\n<\/tr>\n<\/tbody>\n<\/table>\n<p>\t\t\t\t\t\t\t\t\tHist\u00f3ria das Ideias Lingu\u00edsticas<\/p>\n<table style=\"width: 100%; text-align: center; margin: 0 auto;\">\n<tbody>\n<tr style=\"background: #76192d;\">\n<td style=\"color: #fff;\" width=\"366\"><strong>Verbete<\/strong><\/td>\n<td style=\"color: #fff;\" width=\"387\"><strong>Pesquisador<\/strong><\/td>\n<\/tr>\n<tr>\n<td width=\"304\"><a href=\"https:\/\/www.youtube.com\/watch?v=NiH1DASBQe4\">A NGB e a autoria do discurso gramatical<\/a><\/td>\n<td width=\"242\">Lauro Baldini (UNICAMP)<\/td>\n<\/tr>\n<tr>\n<td width=\"304\"><a href=\"https:\/\/www.youtube.com\/watch?v=2yjE_5oztpw\">Dicion\u00e1rio e discurso<\/a><\/td>\n<td width=\"242\">Jos\u00e9 Horta Nunes (UNICAMP)<\/td>\n<\/tr>\n<tr>\n<td width=\"304\"><a href=\"https:\/\/youtu.be\/Sw-f0-LLeLg\">Direito Lingu\u00edstico<\/a><\/td>\n<td width=\"242\">Jael S\u00e2nera Sigales Gon\u00e7alves (UFPEL e UNICAMP)<\/td>\n<\/tr>\n<tr>\n<td width=\"304\"><a href=\"https:\/\/www.youtube.com\/watch?v=SLLEfmy_ZqM\">Disciplinariza\u00e7ao e manualiza\u00e7ao<\/a><\/td>\n<td width=\"242\">Amanda Scherer (UFSM)<\/td>\n<\/tr>\n<tr>\n<td width=\"304\"><a href=\"https:\/\/www.youtube.com\/watch?v=7JvfU46lfyQ\" target=\"_blank\" rel=\"noopener\">Gram\u00e1tica<\/a><\/td>\n<td width=\"242\">Tha\u00eds de Araujo da Costa (UERJ)<\/td>\n<\/tr>\n<tr>\n<td width=\"304\"><a href=\"https:\/\/www.youtube.com\/watch?v=Gu9c9Puplas\" target=\"_blank\" rel=\"noopener\">Gramatiza\u00e7\u00e3o <\/a><\/td>\n<td width=\"242\">Edicarlos Aquino (UFT)<\/td>\n<\/tr>\n<tr>\n<td><a href=\"https:\/\/www.youtube.com\/watch?v=4sCnnwPwMKc\" target=\"_blank\" rel=\"noopener\">Hist\u00f3ria das Palavras<\/a><\/td>\n<td width=\"242\">Verli Petri (UFSM)<\/td>\n<\/tr>\n<tr>\n<td width=\"304\"><a href=\"https:\/\/youtu.be\/koaSkQiFKsQ\">Ideias Lingu\u00edsticas<\/a><\/td>\n<td width=\"242\">Tha\u00eds de Araujo da Costa (UERJ)<\/td>\n<\/tr>\n<tr>\n<td width=\"304\"><a href=\"https:\/\/www.youtube.com\/watch?v=F_QQley5Le8\">Ideias Lingu\u00edsticas<\/a><\/td>\n<td width=\"242\">Edicarlos Aquino (UFT)<\/td>\n<\/tr>\n<tr>\n<td><a href=\"https:\/\/www.youtube.com\/watch?v=mvJblRpr_SI\" target=\"_blank\" rel=\"noopener\">L\u00edngua e Estilo<\/a><\/td>\n<td width=\"242\">Elcio Fragoso (UNIR)<\/td>\n<\/tr>\n<tr>\n<td><a href=\"https:\/\/www.youtube.com\/watch?v=X8zzdAAHcuA\" target=\"_blank\" rel=\"noopener\">Pol\u00edtica Lingu\u00edstica<\/a><\/td>\n<td width=\"242\">Leandro Rodrigues Alves Diniz (UFMG)<\/td>\n<\/tr>\n<tr>\n<td><a href=\"https:\/\/www.youtube.com\/watch?v=lcZsNeEgim0\" target=\"_blank\" rel=\"noopener\">Pol\u00edticas Lingu\u00edsticas Ordin\u00e1rias<\/a><\/td>\n<td width=\"242\">Ana Claudia Fernandes Figueira (UNICAMP)<\/td>\n<\/tr>\n<tr>\n<td><a href=\"https:\/\/www.youtube.com\/watch?v=Y0xb6Km51B4\" target=\"_blank\" rel=\"noopener\">Saberes Lingu\u00edsticos\u00a0 Cotidianos<\/a><\/td>\n<td width=\"242\">Ana Claudia Fernandes Figueira (UNICAMP)<\/td>\n<\/tr>\n<tr>\n<td><a href=\"https:\/\/www.youtube.com\/watch?v=jxo-CjmYnMY\" target=\"_blank\" rel=\"noopener\">Tecnologia De Linguagem I<\/a><\/td>\n<td width=\"242\">Juciele Dias (PROFFLIND &#8211; UFRJ)<\/td>\n<\/tr>\n<tr>\n<td><a href=\"https:\/\/www.youtube.com\/watch?v=VQn_8CwVIhQ\" target=\"_blank\" rel=\"noopener\">Tecnologia De Linguagem II<\/a><\/td>\n<td width=\"242\">Juciele Dias (PROFFLIND &#8211; UFRJ)<\/td>\n<\/tr>\n<\/tbody>\n<\/table>\n<p>\t\t\t\t\t\t\t\t\tSem\u00e2ntica<\/p>\n<table style=\"width: 100%; text-align: center; margin: 0 auto;\">\n<tbody>\n<tr style=\"background: #76192d;\">\n<td style=\"color: #fff;\" width=\"366\"><strong>Verbete<\/strong><\/td>\n<td style=\"color: #fff;\" width=\"387\"><strong>Pesquisador<\/strong><\/td>\n<\/tr>\n<tr>\n<td width=\"304\"><a href=\"https:\/\/www.youtube.com\/watch?v=EYa14jbZENQ\">Abordagem Enunciativa das Rela\u00e7\u00f5es Lingu\u00edsticas<\/a><\/td>\n<td width=\"242\">Luiz Francisco Dias (UFMG)<\/td>\n<\/tr>\n<tr>\n<td><a href=\"https:\/\/www.youtube.com\/watch?v=iEUU4Ea3qig\" target=\"_blank\" rel=\"noopener\">Enuncia\u00e7\u00e3o<\/a><\/td>\n<td width=\"242\">Luiz Francisco Dias (UFMG)<\/td>\n<\/tr>\n<tr>\n<td><a href=\"https:\/\/www.youtube.com\/watch?v=FNFNrG6YhWA\" target=\"_blank\" rel=\"noopener\">Subjetividade<\/a><\/td>\n<td width=\"242\">Carmen Augustini (UFU)<\/td>\n<\/tr>\n<tr>\n<td><a href=\"https:\/\/www.youtube.com\/watch?v=1TXfFYmlOvE\" target=\"_blank\" rel=\"noopener\">Uso da L\u00edngua<\/a><\/td>\n<td width=\"242\">Carmen Augustini (UFU)<\/td>\n<\/tr>\n<\/tbody>\n<\/table>\n","protected":false},"excerpt":{"rendered":"<p>Entr\u00e9es (mots vid\u00e9o) An\u00e1lise do Discurso Hist\u00f3ria das Ideias Lingu\u00edsticas Sem\u00e2ntica An\u00e1lise do Discurso Verbete Pesquisador Acontecimento discursivo M\u00f3nica ZoppiFontana (UNICAMP) Acontecimento, deslocamento, estranhamento Luciene Jung de Campos (UCS) Acontecimento Jornal\u00edstico Silmara Dela Silva (UFF) Arquivo e Museu da L\u00edngua Portuguesa Luc\u00edlia M. Abrah\u00e3o e Sousa (USP) Car\u00e1ter Material Do Sentido Helson Sobrinho (UFAL) Censura&hellip; <br \/> <a class=\"read-more\" href=\"http:\/\/encidis-uff.com.br\/fr\/videoverbetes-2\/\">Read more<\/a><\/p>\n","protected":false},"author":1,"featured_media":0,"parent":0,"menu_order":0,"comment_status":"closed","ping_status":"closed","template":"","meta":[],"translation":{"provider":"WPGlobus","version":"2.8.11","language":"fr","enabled_languages":["br","en","es","fr"],"languages":{"br":{"title":true,"content":true,"excerpt":false},"en":{"title":false,"content":true,"excerpt":false},"es":{"title":false,"content":true,"excerpt":false},"fr":{"title":true,"content":true,"excerpt":false}}},"_links":{"self":[{"href":"http:\/\/encidis-uff.com.br\/fr\/wp-json\/wp\/v2\/pages\/624"}],"collection":[{"href":"http:\/\/encidis-uff.com.br\/fr\/wp-json\/wp\/v2\/pages"}],"about":[{"href":"http:\/\/encidis-uff.com.br\/fr\/wp-json\/wp\/v2\/types\/page"}],"author":[{"embeddable":true,"href":"http:\/\/encidis-uff.com.br\/fr\/wp-json\/wp\/v2\/users\/1"}],"replies":[{"embeddable":true,"href":"http:\/\/encidis-uff.com.br\/fr\/wp-json\/wp\/v2\/comments?post=624"}],"version-history":[{"count":145,"href":"http:\/\/encidis-uff.com.br\/fr\/wp-json\/wp\/v2\/pages\/624\/revisions"}],"predecessor-version":[{"id":1450,"href":"http:\/\/encidis-uff.com.br\/fr\/wp-json\/wp\/v2\/pages\/624\/revisions\/1450"}],"wp:attachment":[{"href":"http:\/\/encidis-uff.com.br\/fr\/wp-json\/wp\/v2\/media?parent=624"}],"curies":[{"name":"wp","href":"https:\/\/api.w.org\/{rel}","templated":true}]}}