{"id":1014,"date":"2020-09-30T17:24:07","date_gmt":"2020-09-30T20:24:07","guid":{"rendered":"http:\/\/encidis-uff.com.br\/?page_id=1014"},"modified":"2022-05-16T19:12:54","modified_gmt":"2022-05-16T22:12:54","slug":"normas-para-citacao","status":"publish","type":"page","link":"https:\/\/encidis-uff.com.br\/en\/normas-para-citacao\/","title":{"rendered":"Normas para Cita\u00e7\u00e3o"},"content":{"rendered":"<h2 style=\"color: #76192d;\">Norms for Quotation<\/h2>\n<ol>\n<li>\n<p>As it is a &#8220;virtual encyclopedia&#8221;, the ideal is to make the reference by using &#8220;encyclopedia&#8221;, which, according to ABNT norms, follows standards for Monograph as a whole (in this case, in electronic form):<\/p>\n<p>In this case, we have two possibilities, to quote the encyclopedia as a whole:<\/p>\n<p>a. including the authorship (coordination):<\/p>\n<p>MARIANI, Bethania (org.). Enciclop\u00e9dia Virtual de An\u00e1lise do Discurso e \u00e1reas afins (Encidis). Niter\u00f3i: UFF, 2019. (e-book) Dispon\u00edvel em: http:\/\/encidis-uff.com.br\/. Access on Sept 10, 2020.<\/p>\n<p>b. not including the authorship:<\/p>\n<p>ENCICLOP\u00c9DIA Virtual de An\u00e1lise do Discurso e \u00e1reas afins (Encidis). Niter\u00f3i: UFF, 2019. Dispon\u00edvel em: http:\/\/encidis-uff.com.br\/. Access on Sept 10, 2020.<\/p>\n<p>To quote an encyclopedia specific video.<\/p>\n<p>Attention to the final credits.<\/p>\n<p>Follow the example:<\/p>\n<p>ZOPPI-FONTANA, Monica. Acontecimento discursivo. In: MARIANI, Bethania (org.). Enciclop\u00e9dia Virtual de An\u00e1lise do Discurso e \u00e1reas afins (Encidis). Niter\u00f3i: UFF, 2019. Dispon\u00edvel em: https:\/\/www.youtube.com\/watch?v=exCWhsW3hug. Access on Sept 10, 2020.<\/p>\n<p>Another possibility:<\/p>\n<p>As complementary information, it is possible to announce that it is a video-recording, that is, a video, with determined time length, in analogy to references to films, videos, etc.:<\/p>\n<p>ZOPPI-FONTANA, Monica. Acontecimento discursivo. 1 v\u00eddeo (9:34 min). In: MARIANI, Bethania (Org.). Enciclop\u00e9dia Virtual de An\u00e1lise do Discurso e \u00e1reas afins (Encidis). Niter\u00f3i: UFF, 2019. Dispon\u00edvel em: http:\/\/encidis-uff.com.br\/. Access on Sept 10, 2020.<\/p>\n<p>OR, also, quote as the reference of \u201cFilms, videos, among other electronic vehicles\u201d. Taking the example of a video:<\/p>\n<p>MATERIALISMO Hist\u00f3rico, Dial\u00e9tico e Discurso \u2013 BELMIRA MAGALH\u00c3ES (UFAL). Niter\u00f3i: UFF, 2020. 1 v\u00eddeo (5 min). V\u00eddeoverbete da Enciclop\u00e9dia virtual do discurso (EnciDIS), organizada por Mariani, Bethania. Postado pelo canal encidis. Available at: https:\/\/www.youtube.com\/watch?v=Pl6dpFWiLgQ&amp;ab_channel=encidis. Access on Sept 10, 2020.<\/p>\n<\/li>\n<li><strong><u>Translation and subtitling<\/u><\/strong>\n<p><u>Note:<\/u> In the case of using a subtitled recording, refer to the translators and subtitlers, according to the final credits.<\/p>\n<\/li>\n<\/ol>\n","protected":false},"excerpt":{"rendered":"<p>Norms for Quotation As it is a &#8220;virtual encyclopedia&#8221;, the ideal is to make the reference by using &#8220;encyclopedia&#8221;, which, according to ABNT norms, follows standards for Monograph as a whole (in this case, in electronic form): In this case, we have two possibilities, to quote the encyclopedia as a whole: a. including the authorship&hellip; <br \/> <a class=\"read-more\" href=\"https:\/\/encidis-uff.com.br\/en\/normas-para-citacao\/\">Read more<\/a><\/p>\n","protected":false},"author":1,"featured_media":0,"parent":0,"menu_order":0,"comment_status":"closed","ping_status":"closed","template":"","meta":[],"translation":{"provider":"WPGlobus","version":"2.8.11","language":"en","enabled_languages":["br","en","es","fr"],"languages":{"br":{"title":true,"content":true,"excerpt":false},"en":{"title":true,"content":true,"excerpt":false},"es":{"title":false,"content":true,"excerpt":false},"fr":{"title":false,"content":true,"excerpt":false}}},"_links":{"self":[{"href":"https:\/\/encidis-uff.com.br\/en\/wp-json\/wp\/v2\/pages\/1014"}],"collection":[{"href":"https:\/\/encidis-uff.com.br\/en\/wp-json\/wp\/v2\/pages"}],"about":[{"href":"https:\/\/encidis-uff.com.br\/en\/wp-json\/wp\/v2\/types\/page"}],"author":[{"embeddable":true,"href":"https:\/\/encidis-uff.com.br\/en\/wp-json\/wp\/v2\/users\/1"}],"replies":[{"embeddable":true,"href":"https:\/\/encidis-uff.com.br\/en\/wp-json\/wp\/v2\/comments?post=1014"}],"version-history":[{"count":12,"href":"https:\/\/encidis-uff.com.br\/en\/wp-json\/wp\/v2\/pages\/1014\/revisions"}],"predecessor-version":[{"id":1198,"href":"https:\/\/encidis-uff.com.br\/en\/wp-json\/wp\/v2\/pages\/1014\/revisions\/1198"}],"wp:attachment":[{"href":"https:\/\/encidis-uff.com.br\/en\/wp-json\/wp\/v2\/media?parent=1014"}],"curies":[{"name":"wp","href":"https:\/\/api.w.org\/{rel}","templated":true}]}}