{"id":1014,"date":"2020-09-30T17:24:07","date_gmt":"2020-09-30T20:24:07","guid":{"rendered":"http:\/\/encidis-uff.com.br\/?page_id=1014"},"modified":"2022-05-16T19:12:54","modified_gmt":"2022-05-16T22:12:54","slug":"normas-para-citacao","status":"publish","type":"page","link":"https:\/\/encidis-uff.com.br\/es\/normas-para-citacao\/","title":{"rendered":"Normas para Cita\u00e7\u00e3o"},"content":{"rendered":"<h2 style=\"color: #76192d;\">Normas para citaci\u00f3n<\/h2>\n<ol>\n<li>Por tratarse de una \u201cenciclopedia virtual\u201d, lo ideal es hacer referencia con \u201cenciclopedia\u201d que, en la norma de la ABNT, sigue el patr\u00f3n de Monograf\u00eda en su totalidad (en este caso, en medio electr\u00f3nico):\n<p>En este caso, hay dos posibilidades para citar la enciclopedia de forma general :<\/p>\n<p>a. citando la autor\u00eda (coordinaci\u00f3n):<br \/>MARIANI, Bethania (org.). <em>Enciclop\u00e9dia Virtual de An\u00e1lise do Discurso e \u00e1reas afins (Encidis)<\/em>. Niter\u00f3i: UFF, 2019. (e-book) Disponible en: http:\/\/encidis-uff.com.br\/. Acceso el 10 set. 2020.<\/p>\n<p>b. citando sin autor\u00eda:<br \/>ENCICLOP\u00c9DIA Virtual de An\u00e1lise do Discurso e \u00e1reas afins (Encidis). Niter\u00f3i: UFF, 2019. Disponible en: http:\/\/encidis-uff.com.br\/. Acceso el: 10 set. 2020.<\/p>\n<\/li>\n<li>Para citar un v\u00eddeo espec\u00edfico de la Enciclopedia .\n<p>Atenci\u00f3n a los cr\u00e9ditos finales.<u><br \/>Sigue el ejemplo<\/u>:<br \/>ZOPPI-FONTANA, Monica. Acontecimento discursivo. <em>In: <\/em>MARIANI, Bethania (org.). <em>Enciclop\u00e9dia Virtual de An\u00e1lise do Discurso e \u00e1reas afins (Encidis)<\/em>. Niter\u00f3i: UFF, 2019. Disponible en: https:\/\/www.youtube.com\/watch?v=exCWhsW3hug. Acceso el: 10 set. 2020.<br \/><u>Otra posibilidad:<br \/><\/u>Es posible citar como informaci\u00f3n complementaria la informaci\u00f3n de que es una v\u00eddeo-entrada, o sea, un v\u00eddeo con tiempo determinado de duraci\u00f3n, en analog\u00eda a las referencias de pel\u00edculas, v\u00eddeos etc.:<br \/><strong><br \/><\/strong>ZOPPI-FONTANA, Monica. Acontecimento discursivo. 1 v\u00eddeo (9:34 min). <em>In: <\/em>MARIANI, Bethania (Org.). <em>Enciclop\u00e9dia Virtual de An\u00e1lise do Discurso e \u00e1reas afins (Encidis)<\/em>. Niter\u00f3i: UFF, 2019. Disponible en: http:\/\/encidis-uff.com.br\/. Acceso el 10 set. 2020.<br \/>O, tambi\u00e9n, citar como referencia de \u201cPel\u00edculas, v\u00eddeos, entre otros en m\u00e9dio electr\u00f3nico\u201d. Ejemplo de un v\u00eddeo:<br \/>MATERIALISMO Hist\u00f3rico, Dial\u00e9tico e Discurso \u2013 BELMIRA MAGALH\u00c3ES (UFAL). Niter\u00f3i: UFF, 2020. 1 v\u00eddeo (5 min). V\u00eddeo-entrada da Enciclop\u00e9dia virtual do discurso (EnciDIS), organizada por Mariani, Bethania. Publicado por el canal Encidis. Disponible en: https:\/\/www.youtube.com\/watch?v=Pl6dpFWiLgQ&amp;ab_channel=encidis. Acceso el: 10 set. 2020.<\/p>\n<\/li>\n<li>Traducci\u00f3n y subt\u00edtulo<br \/>Atenci\u00f3n: en caso de uso de v\u00eddeo-entrada subtitulada, hacer referencia a los traductores y traductores de subt\u00edtulos, conforme los cr\u00e9ditos finales.<\/li>\n<\/ol>\n","protected":false},"excerpt":{"rendered":"<p>Normas para citaci\u00f3n Por tratarse de una \u201cenciclopedia virtual\u201d, lo ideal es hacer referencia con \u201cenciclopedia\u201d que, en la norma de la ABNT, sigue el patr\u00f3n de Monograf\u00eda en su totalidad (en este caso, en medio electr\u00f3nico): En este caso, hay dos posibilidades para citar la enciclopedia de forma general : a. citando la autor\u00eda&hellip; <br \/> <a class=\"read-more\" href=\"https:\/\/encidis-uff.com.br\/es\/normas-para-citacao\/\">Read more<\/a><\/p>\n","protected":false},"author":1,"featured_media":0,"parent":0,"menu_order":0,"comment_status":"closed","ping_status":"closed","template":"","meta":[],"translation":{"provider":"WPGlobus","version":"2.8.11","language":"es","enabled_languages":["br","en","es","fr"],"languages":{"br":{"title":true,"content":true,"excerpt":false},"en":{"title":true,"content":true,"excerpt":false},"es":{"title":false,"content":true,"excerpt":false},"fr":{"title":false,"content":true,"excerpt":false}}},"_links":{"self":[{"href":"https:\/\/encidis-uff.com.br\/es\/wp-json\/wp\/v2\/pages\/1014"}],"collection":[{"href":"https:\/\/encidis-uff.com.br\/es\/wp-json\/wp\/v2\/pages"}],"about":[{"href":"https:\/\/encidis-uff.com.br\/es\/wp-json\/wp\/v2\/types\/page"}],"author":[{"embeddable":true,"href":"https:\/\/encidis-uff.com.br\/es\/wp-json\/wp\/v2\/users\/1"}],"replies":[{"embeddable":true,"href":"https:\/\/encidis-uff.com.br\/es\/wp-json\/wp\/v2\/comments?post=1014"}],"version-history":[{"count":12,"href":"https:\/\/encidis-uff.com.br\/es\/wp-json\/wp\/v2\/pages\/1014\/revisions"}],"predecessor-version":[{"id":1198,"href":"https:\/\/encidis-uff.com.br\/es\/wp-json\/wp\/v2\/pages\/1014\/revisions\/1198"}],"wp:attachment":[{"href":"https:\/\/encidis-uff.com.br\/es\/wp-json\/wp\/v2\/media?parent=1014"}],"curies":[{"name":"wp","href":"https:\/\/api.w.org\/{rel}","templated":true}]}}