{"id":354,"date":"2019-11-04T16:11:02","date_gmt":"2019-11-04T19:11:02","guid":{"rendered":"http:\/\/encidis-uff.com.br\/?page_id=354"},"modified":"2024-09-16T18:31:50","modified_gmt":"2024-09-16T21:31:50","slug":"inicio","status":"publish","type":"page","link":"https:\/\/encidis-uff.com.br\/es\/","title":{"rendered":"In\u00edcio"},"content":{"rendered":"<h1>Enciclop\u00e9dia Virtual de<br \/>An\u00e1lise do Discurso<\/h1>\n<p>Enciclop\u00e9dia audiovisual virtual em an\u00e1lise do discurso e \u00e1reas afins<\/p>\n<p>Parcerias:<\/p>\n<p><!--<br \/>\n<img loading=\"lazy\" style=\"margin-left: -10px;\" src=\" http:\/\/encidis-uff.com.br\/wp-content\/uploads\/2019\/11\/0.png\" width=\"125\" height=\"38\" \/><br \/>\n<img loading=\"lazy\" src=\"http:\/\/encidis-uff.com.br\/wp-content\/uploads\/2020\/06\/20200520_172119_0000.png\" width=\"93\" height=\"93\" \/><img loading=\"lazy\" src=\"http:\/\/encidis-uff.com.br\/wp-content\/uploads\/2020\/03\/0b-300x300.png\" alt=\"\" width=\"90\" height=\"90\" \/><img loading=\"lazy\" src=\"http:\/\/encidis-uff.com.br\/wp-content\/uploads\/2019\/11\/logo_faperj_branco.png\" width=\"114\" height=\"44\" \/><br \/>\n<img loading=\"lazy\" style=\"margin-top: -62px; margin-left: 124px;\" src=\"http:\/\/encidis-uff.com.br\/wp-content\/uploads\/2019\/11\/cnpq.png\" width=\"117\" height=\"35\" \/><img loading=\"lazy\" style=\"margin-top: -81px;\" src=\"http:\/\/encidis-uff.com.br\/wp-content\/uploads\/2020\/06\/logo-branco-50-1.png\" width=\"114\" height=\"44\" \/> --><\/p>\n<figure><img src=\"http:\/\/encidis-uff.com.br\/wp-content\/uploads\/2019\/11\/0.png\" alt=\"0\" \/><\/figure>\n<figure><img src=\"http:\/\/encidis-uff.com.br\/wp-content\/uploads\/2020\/06\/20200520_172119_0000.png\" alt=\"20200520_172119_0000\" \/><\/figure>\n<figure><img src=\"http:\/\/encidis-uff.com.br\/wp-content\/uploads\/2020\/03\/0b.png\" alt=\"0b\" \/><\/figure>\n<figure><img src=\"http:\/\/encidis-uff.com.br\/wp-content\/uploads\/2020\/06\/logo-branco-50-1.png\" alt=\"logo-branco-50 (1)\" \/><\/figure>\n<figure><img src=\"http:\/\/encidis-uff.com.br\/wp-content\/uploads\/2024\/09\/DIS.png\" alt=\"DIS\" \/><\/figure>\n<p>\t\tApoios:<\/p>\n<p><!--<br \/>\n<img loading=\"lazy\" style=\"margin-left: -10px;\" src=\" http:\/\/encidis-uff.com.br\/wp-content\/uploads\/2019\/11\/0.png\" width=\"125\" height=\"38\" \/><br \/>\n<img loading=\"lazy\" src=\"http:\/\/encidis-uff.com.br\/wp-content\/uploads\/2020\/06\/20200520_172119_0000.png\" width=\"93\" height=\"93\" \/><img loading=\"lazy\" src=\"http:\/\/encidis-uff.com.br\/wp-content\/uploads\/2020\/03\/0b-300x300.png\" alt=\"\" width=\"90\" height=\"90\" \/><img loading=\"lazy\" src=\"http:\/\/encidis-uff.com.br\/wp-content\/uploads\/2019\/11\/logo_faperj_branco.png\" width=\"114\" height=\"44\" \/><br \/>\n<img loading=\"lazy\" style=\"margin-top: -62px; margin-left: 124px;\" src=\"http:\/\/encidis-uff.com.br\/wp-content\/uploads\/2019\/11\/cnpq.png\" width=\"117\" height=\"35\" \/><img loading=\"lazy\" style=\"margin-top: -81px;\" src=\"http:\/\/encidis-uff.com.br\/wp-content\/uploads\/2020\/06\/logo-branco-50-1.png\" width=\"114\" height=\"44\" \/> --><\/p>\n<figure><img src=\"http:\/\/encidis-uff.com.br\/wp-content\/uploads\/2019\/11\/logo_faperj_branco-1024x401.png\" alt=\"logo_faperj_branco\" \/><\/figure>\n<figure><img src=\"http:\/\/encidis-uff.com.br\/wp-content\/uploads\/2019\/11\/cnpq-1024x308.png\" alt=\"cnpq\" \/><\/figure>\n<figure><img src=\"http:\/\/encidis-uff.com.br\/wp-content\/uploads\/2019\/11\/logo-las.png\" alt=\"logo-las\" \/><\/figure>\n<p>\t\t\t\t<img src=\"http:\/\/encidis-uff.com.br\/wp-content\/uploads\/2019\/11\/grava\u00e7ao-de-verbete2014.06-1.jpg\" data-lazy-src=\"http:\/\/encidis-uff.com.br\/wp-content\/uploads\/2019\/11\/grava\u00e7ao-de-verbete2014.06-1.jpg\" alt=\"\"><a href=\"https:\/\/www.youtube.com\/watch?v=mLJ7y4QLOaM\"><img src=\"https:\/\/encidis-uff.com.br\/wp-content\/plugins\/essential-addons-for-elementor-lite\/assets\/front-end\/img\/play-icon.png\"><\/a><a href=\"http:\/\/encidis-uff.com.br\/wp-content\/uploads\/2019\/11\/grava\u00e7ao-de-verbete2014.06-1.jpg\" data-elementor-open-lightbox=\"no\"><\/a>            <\/p>\n<p>Realiza\u00e7\u00e3o<\/p>\n<h1>Conhe\u00e7a-nos<\/h1>\n<p>Somos pesquisadores interessados em divulgar o conhecimento produzido em An\u00e1lise do Discurso no Brasil. Para tanto, organizamos a ENCIDIS, uma Enciclop\u00e9dia Virtual do Discurso e \u00e1reas afins.<\/p>\n<p>Da posi\u00e7\u00e3o de sujeito pesquisador em An\u00e1lise do Discurso (P\u00eacheux, 1969, 1975, 1982) e em Hist\u00f3ria das Ideias Lingu\u00edsticas (Auroux, 1992), a ENCIDIS representa a constru\u00e7\u00e3o de um dispositivo digital, um objeto t\u00e9cnico, cuja finalidade \u00e9 divulgar conhecimento produzido no campo de estudos de linguagem.<\/p>\n<style>\n    #titulo_2{top:50%!important;}\n<\/style>\n<p>\t\t\t<a href=\"http:\/\/encidis-uff.com.br\/quem-somos\/\" role=\"button\"><br \/>\n\t\t\t\t\t\tLeia mais<br \/>\n\t\t\t\t\t<\/a><\/p>\n<figure><img src=\"http:\/\/encidis-uff.com.br\/wp-content\/uploads\/elementor\/thumbs\/grava\u00e7ao-de-verbete2014.04-oroqknugjk3lc6xeaqnd1rtqgpjgko6df4bdbpfx74.jpg\" alt=\"grava\u00e7ao de verbete2014.04\" \/><\/figure>\n<figure><img src=\"http:\/\/encidis-uff.com.br\/wp-content\/uploads\/elementor\/thumbs\/d3f13e18-b5a4-486a-b8f5-891fce86dcf4-orxfe7hrnmb1tqwjs3sjrglkxwtc52qe2lgq3hu3m8.jpg\" alt=\"d3f13e18-b5a4-486a-b8f5-891fce86dcf4\" \/><\/figure>\n<figure><img src=\"http:\/\/encidis-uff.com.br\/wp-content\/uploads\/elementor\/thumbs\/grava\u00e7ao-de-verbete2015.05-oroqkvd628dvx2mh2twdlpxf7siea90845j95x4rtc.jpg\" alt=\"grava\u00e7ao de verbete2015.05\" \/><\/figure>\n<figure><img src=\"http:\/\/encidis-uff.com.br\/wp-content\/uploads\/elementor\/thumbs\/grava\u00e7ao-de-verbete2015.07-oroqkx8ufwggkajqrupmqpgcek94pn7oseu84h1zgw.jpg\" alt=\"grava\u00e7ao de verbete2015.07\" \/><\/figure>\n<figure><img src=\"http:\/\/encidis-uff.com.br\/wp-content\/uploads\/elementor\/thumbs\/651f4832-c796-4d76-873c-fd1dc8c332b6-orxfe8flugcc5cv6mm76byd1jaopcru4eq47krspg0.jpg\" alt=\"651f4832-c796-4d76-873c-fd1dc8c332b6\" \/><\/figure>\n<figure><img src=\"http:\/\/encidis-uff.com.br\/wp-content\/uploads\/elementor\/thumbs\/grava\u00e7ao-de-verbete2014.02jpg-oroqkk33s7yg1r2uwp0ursrw361zpvrg2lpfellhw0.jpg\" alt=\"grava\u00e7ao de verbete2014.02jpg\" \/><\/figure>\n<figure><img src=\"http:\/\/encidis-uff.com.br\/wp-content\/uploads\/elementor\/thumbs\/grava\u00e7ao-de-verbete2015.08-oroqkz4itkj17ih0gvivvoz9lbzv51f5go5730z74g.jpg\" alt=\"grava\u00e7ao de verbete2015.08\" \/><\/figure>\n<figure><img src=\"http:\/\/encidis-uff.com.br\/wp-content\/uploads\/elementor\/thumbs\/20191127_113245-e1593356730500-orortoc7txpxbxjjg746gewekzo96uvm9x0goqp780.jpg\" alt=\"20191127_113245\" \/><\/figure>\n<figure><img src=\"http:\/\/encidis-uff.com.br\/wp-content\/uploads\/elementor\/thumbs\/grava\u00e7ao-de-verbete2015.04-oroqkufbvecllgnu8bhr185ymen12jwhs0vron65zk.jpg\" alt=\"grava\u00e7ao de verbete2015.04\" \/><\/figure>\n<figure><img src=\"http:\/\/encidis-uff.com.br\/wp-content\/uploads\/elementor\/thumbs\/grava\u00e7ao-de-verbete2015.02-oroqkrltaw8qmmrxos9vbqvku90xfglarmxb8taci8.jpg\" alt=\"grava\u00e7ao de verbete2015.02\" \/><\/figure>\n<figure><img src=\"http:\/\/encidis-uff.com.br\/wp-content\/uploads\/elementor\/thumbs\/grava\u00e7ao-de-verbete2014.06-oroqkqnz427gb0tau9v8r9448v5k7rhkfi9trjbqog.jpg\" alt=\"grava\u00e7ao de verbete2014.06\" \/><\/figure>\n<figure><img src=\"http:\/\/encidis-uff.com.br\/wp-content\/uploads\/elementor\/thumbs\/grava\u00e7ao-de-verbete2014.05-oroqkpq4x865zeunzrgm6rcnnha702du3dmca9d4uo.jpg\" alt=\"grava\u00e7ao de verbete2014.05\" \/><\/figure>\n<figure><img src=\"http:\/\/encidis-uff.com.br\/wp-content\/uploads\/elementor\/thumbs\/grava\u00e7ao-de-verbete2015.06-oroqkwb092f68ol3xcb067ovt6drhy3yga6qn73dn4.jpg\" alt=\"grava\u00e7ao de verbete2015.06\" \/><\/figure>\n<figure><img src=\"http:\/\/encidis-uff.com.br\/wp-content\/uploads\/elementor\/thumbs\/grava\u00e7ao-de-verbete2014.03-oroqklys5w10oz04lpu3wsat9xsq59ywqv0ed5ipjk.jpg\" alt=\"grava\u00e7ao de verbete2014.03\" \/><\/figure>\n<figure><img src=\"http:\/\/encidis-uff.com.br\/wp-content\/uploads\/elementor\/thumbs\/12747291_1042813965762134_5579647505399399190_o-oroqki7fejvvej5l7o7lmt8yweb9ahjzecegg1oa8g.jpg\" alt=\"12747291_1042813965762134_5579647505399399190_o\" \/><\/figure>\n<figure><img src=\"http:\/\/encidis-uff.com.br\/wp-content\/uploads\/elementor\/thumbs\/02minicurso-sobre-legendagem-da-Sabrina.2016-oroqkgbr0vtarb8binechtq1pmkiv3ciq33hhhr2kw.jpg\" alt=\"02minicurso sobre legendagem da Sabrina.2016\" \/><\/figure>\n<figure><img src=\"http:\/\/encidis-uff.com.br\/wp-content\/uploads\/elementor\/thumbs\/02jornada.2018-oroqkeg2n7qq43b1tml3cu74iutsfp521tsiixtuxc.jpg\" alt=\"02jornada.2018\" \/><\/figure>\n<figure><img src=\"http:\/\/encidis-uff.com.br\/wp-content\/uploads\/elementor\/thumbs\/02-miniscurso-sobre-legendagem-sabrina.2016-oroqkdi8gdpfshcez46gscfnxgyf801bpp511nv93k.jpg\" alt=\"02 miniscurso sobre legendagem sabrina.2016\" \/><\/figure>\n<p>\t\t\t\t\t\t\t\t\t\t\t\tAnterior<br \/>\n\t\t\t\t\t\t\t\t\t\t\t\tPr\u00f3ximo<\/p>\n<h1>Video-verbetes<\/h1>\n<p>Essa enciclop\u00e9dia foi organizada a partir das falas de pesquisadores especialistas em An\u00e1lise do Discurso, os quais foram filmados apresentando um conceito, um termo ou um fragmento de pesquisa vinculado ao verbete em quest\u00e3o<\/p>\n<p>\t\t\t\t<img src=\"http:\/\/encidis-uff.com.br\/wp-content\/uploads\/2019\/11\/maxresdefault.jpg\" data-lazy-src=\"http:\/\/encidis-uff.com.br\/wp-content\/uploads\/2019\/11\/maxresdefault.jpg\" alt=\"\"><a href=\"https:\/\/www.youtube.com\/watch?v=LBs6GnYQTRk\"><img src=\"https:\/\/encidis-uff.com.br\/wp-content\/plugins\/essential-addons-for-elementor-lite\/assets\/front-end\/img\/play-icon.png\"><\/a><a href=\"http:\/\/encidis-uff.com.br\/wp-content\/uploads\/2019\/11\/maxresdefault.jpg\" data-elementor-open-lightbox=\"no\"><\/a><br \/>\n\t\t\t\t<img src=\"http:\/\/encidis-uff.com.br\/wp-content\/uploads\/2019\/11\/maxresdefault-1.jpg\" data-lazy-src=\"http:\/\/encidis-uff.com.br\/wp-content\/uploads\/2019\/11\/maxresdefault-1.jpg\" alt=\"\"><a href=\"https:\/\/www.youtube.com\/watch?v=JbnWaS_d9Uc\"><img src=\"https:\/\/encidis-uff.com.br\/wp-content\/plugins\/essential-addons-for-elementor-lite\/assets\/front-end\/img\/play-icon.png\"><\/a><a href=\"http:\/\/encidis-uff.com.br\/wp-content\/uploads\/2019\/11\/maxresdefault-1.jpg\" data-elementor-open-lightbox=\"no\"><\/a><br \/>\n\t\t\t\t<img src=\"http:\/\/encidis-uff.com.br\/wp-content\/uploads\/2019\/11\/maxresdefault-2.jpg\" data-lazy-src=\"http:\/\/encidis-uff.com.br\/wp-content\/uploads\/2019\/11\/maxresdefault-2.jpg\" alt=\"\"><a href=\"https:\/\/www.youtube.com\/watch?v=VTB07k3EVig\"><img src=\"https:\/\/encidis-uff.com.br\/wp-content\/plugins\/essential-addons-for-elementor-lite\/assets\/front-end\/img\/play-icon.png\"><\/a><a href=\"http:\/\/encidis-uff.com.br\/wp-content\/uploads\/2019\/11\/maxresdefault-2.jpg\" data-elementor-open-lightbox=\"no\"><\/a><br \/>\n\t\t\t<a href=\"https:\/\/www.youtube.com\/channel\/UC-Oaj6mejb0ayCPwGSisi-Q\" role=\"button\"><br \/>\n\t\t\t\t\t\tVEJA TODOS<br \/>\n\t\t\t\t\t<\/a><\/p>\n<figure><img src=\"http:\/\/encidis-uff.com.br\/wp-content\/uploads\/2019\/11\/2-1.png\" alt=\"2\" \/><\/figure>\n<figure><img src=\"http:\/\/encidis-uff.com.br\/wp-content\/uploads\/2019\/11\/3.png\" alt=\"3\" \/><\/figure>\n<figure><img src=\"http:\/\/encidis-uff.com.br\/wp-content\/uploads\/2019\/11\/logo-las.png\" alt=\"logo-las\" \/><\/figure>\n<figure><img src=\"http:\/\/encidis-uff.com.br\/wp-content\/uploads\/2019\/11\/0.png\" alt=\"0\" \/><\/figure>\n<figure><img src=\"http:\/\/encidis-uff.com.br\/wp-content\/uploads\/2020\/06\/IFALA.png\" alt=\"IFALA\" \/><\/figure>\n<figure><img src=\"http:\/\/encidis-uff.com.br\/wp-content\/uploads\/2020\/03\/0b.png\" alt=\"0b\" \/><\/figure>\n<figure><img src=\"http:\/\/encidis-uff.com.br\/wp-content\/uploads\/2020\/03\/0a.png\" alt=\"0a\" \/><\/figure>\n<figure><img src=\"http:\/\/encidis-uff.com.br\/wp-content\/uploads\/2020\/03\/0d.png\" alt=\"0d\" \/><\/figure>\n<figure><img src=\"http:\/\/encidis-uff.com.br\/wp-content\/uploads\/2020\/03\/0c.png\" alt=\"0c\" \/><\/figure>\n<figure><img src=\"http:\/\/encidis-uff.com.br\/wp-content\/uploads\/2020\/06\/20200520_172119_0000.png\" alt=\"20200520_172119_0000\" \/><\/figure>\n<p>\t\t\t\t\t\t\t\t\t\t\t\tAnterior<br \/>\n\t\t\t\t\t\t\t\t\t\t\t\tPr\u00f3ximo<\/p>\n<h3 style=\"color:#fff\">Acesse nosso canal e confira todos os v\u00eddeos do projeto<\/h3>\n<p>\t\t\t\t\t\t\t\t\t\t\t\t\t<a href=\"https:\/\/www.youtube.com\/channel\/UC-Oaj6mejb0ayCPwGSisi-Q\" target=\"_blank\" rel=\"noopener\"><br \/>\n\t\t\t\t\t\t\t<img width=\"359\" height=\"82\" src=\"http:\/\/encidis-uff.com.br\/wp-content\/uploads\/2019\/11\/youtube.png\" alt=\"\" loading=\"lazy\" srcset=\"https:\/\/encidis-uff.com.br\/wp-content\/uploads\/2019\/11\/youtube.png 359w, https:\/\/encidis-uff.com.br\/wp-content\/uploads\/2019\/11\/youtube-300x69.png 300w\" sizes=\"(max-width: 359px) 100vw, 359px\" \/>\t\t\t\t\t\t\t\t<\/a><\/p>\n","protected":false},"excerpt":{"rendered":"<p>Enciclop\u00e9dia Virtual deAn\u00e1lise do Discurso Enciclop\u00e9dia audiovisual virtual em an\u00e1lise do discurso e \u00e1reas afins Parcerias: Apoios: Realiza\u00e7\u00e3o Conhe\u00e7a-nos Somos pesquisadores interessados em divulgar o conhecimento produzido em An\u00e1lise do Discurso no Brasil. Para tanto, organizamos a ENCIDIS, uma Enciclop\u00e9dia Virtual do Discurso e \u00e1reas afins. Da posi\u00e7\u00e3o de sujeito pesquisador em An\u00e1lise do Discurso&hellip; <br \/> <a class=\"read-more\" href=\"https:\/\/encidis-uff.com.br\/es\/\">Read more<\/a><\/p>\n","protected":false},"author":1,"featured_media":0,"parent":0,"menu_order":0,"comment_status":"closed","ping_status":"closed","template":"","meta":[],"translation":{"provider":"WPGlobus","version":"2.8.11","language":"es","enabled_languages":["br","en","es","fr"],"languages":{"br":{"title":true,"content":true,"excerpt":false},"en":{"title":true,"content":true,"excerpt":false},"es":{"title":false,"content":false,"excerpt":false},"fr":{"title":false,"content":false,"excerpt":false}}},"_links":{"self":[{"href":"https:\/\/encidis-uff.com.br\/es\/wp-json\/wp\/v2\/pages\/354"}],"collection":[{"href":"https:\/\/encidis-uff.com.br\/es\/wp-json\/wp\/v2\/pages"}],"about":[{"href":"https:\/\/encidis-uff.com.br\/es\/wp-json\/wp\/v2\/types\/page"}],"author":[{"embeddable":true,"href":"https:\/\/encidis-uff.com.br\/es\/wp-json\/wp\/v2\/users\/1"}],"replies":[{"embeddable":true,"href":"https:\/\/encidis-uff.com.br\/es\/wp-json\/wp\/v2\/comments?post=354"}],"version-history":[{"count":195,"href":"https:\/\/encidis-uff.com.br\/es\/wp-json\/wp\/v2\/pages\/354\/revisions"}],"predecessor-version":[{"id":1357,"href":"https:\/\/encidis-uff.com.br\/es\/wp-json\/wp\/v2\/pages\/354\/revisions\/1357"}],"wp:attachment":[{"href":"https:\/\/encidis-uff.com.br\/es\/wp-json\/wp\/v2\/media?parent=354"}],"curies":[{"name":"wp","href":"https:\/\/api.w.org\/{rel}","templated":true}]}}