{"id":534,"date":"2019-11-21T12:10:51","date_gmt":"2019-11-21T15:10:51","guid":{"rendered":"http:\/\/encidis-uff.com.br\/?page_id=534"},"modified":"2024-09-16T19:04:31","modified_gmt":"2024-09-16T22:04:31","slug":"equipe","status":"publish","type":"page","link":"https:\/\/encidis-uff.com.br\/es\/equipe\/","title":{"rendered":"Equipe"},"content":{"rendered":"<h2><strong style=\"color: #76192d;\">Equipo<\/strong><\/h2>\n<p><strong>Identificaci\u00f3n de todos los participantes del proyecto<\/strong><\/p>\n<p><strong style=\"color: #76192d;\">Coordinaci\u00f3n General<\/strong><\/p>\n<p>Bethania Mariani (UFF)<\/p>\n<p><strong style=\"color: #76192d;\">Coordinadora adjunta<\/strong><\/p>\n<p>Guilherme Adorno (UFF \/ FAPERJ)<\/p>\n<p><strong style=\"color: #76192d;\">Investigadores asociados<\/strong><\/p>\n<p>M\u00f4nica Fiuza BF (UFF)<br \/>Vanessa Hanes (UFF)<br \/>Silmara Dela-Silva (UFF)<br \/>Carla Moreira (CEFET \u2013 MG)<br \/>Gian Luigi de Rosa (Universidade Roma 3)<br \/>Juciele P. Dias (CAP-UERJ \/ PPLIN UERJ FFP)<br \/>Rivia Fonseca (l\u00edngua latina &#8211; UFRR)<br \/>Tha\u00edse Pereira Bastos Silva Pio (l\u00edngua latina &#8211; UFF)<\/p>\n<p><strong style=\"color: #76192d;\">Docentes responsables por la traducci\u00f3n y subtitulaci\u00f3n<\/strong><\/p>\n<p>Vanessa Hanes (l\u00edngua inglesa \u2013 UFF)<br \/>M\u00f4nica Fiuza BF (l\u00edngua francesa \u2013 UFF)<br \/>Gian Luigi de Rosa (l\u00edngua italiana \u2013 Universidade Roma 3)<br \/>Rivia Fonseca (l\u00edngua latina \u2013 UFRRJ)<br \/>Tha\u00edse Pereira Bastos Silva Pio (l\u00edngua latina &#8211; UFF)<\/p>\n<p><strong style=\"color: #76192d;\">Docentes responsables por la revisi\u00f3n de subtitulaci\u00f3n<\/strong><\/p>\n<p>Beatriz Caldas (lengua inglesa \u2013 UERJ)<br \/>Gileade Godoi (lengua francesa \u2013 CEFET \u2013 R\u00edo de Janeiro)<\/p>\n<p><strong style=\"color: #76192d;\">Docente responsable por asesoramiento t\u00e9cnica en traducci\u00f3n y subtitulaci\u00f3n<\/strong><\/p>\n<p>Sabrina Lopes Martinez (estudiante de doctorado\/Facultad de Letras \u2013 Universidad de Lisboa)<\/p>\n<p><strong style=\"color: #76192d;\">Discentes investigadores (colaboradores)<\/strong><\/p>\n<p>Alexia Beatriz de Almeida Porto (UFF)<br \/>Amanda de Ara\u00fajo Gon\u00e7alves (UFRRJ)<br \/>Anna Clara Figueiredo da Silva Antonio (UFRRJ)<br \/>Gabrielle Vianna Mesquita (UFRRJ)<br \/>Gean Roberto Braga Schneider (UFRRJ)<br \/>July da Silva Medeiro (UFRRJ)<br \/>Karoliny Milheme Padela da Silva (UFRRJ)<br \/>Laryssa Cavalcanti do Nascimento Silva (UFRRJ)<br \/>Let\u00edcia Teixeira Silva de Paiva (UFRRJ)<br \/>Stephane Floren\u00e7o da Silva (UFRRJ)<br \/>Theyciane Cristine Pereira da Silva (UFF)<br \/>Thiago Wallace Rodrigues dos Santos Lopes (PG &#8211; UERJ)<\/p>\n<p><strong style=\"color: #76192d;\">Equipe docente entre 2018 e 2023<br \/><\/strong><\/p>\n<p>Profa. Luiza Katia Castello Branco (in memorian)<br \/>Profa Giovana Campos (UFF)<\/p>\n<p><strong style=\"color: #76192d;\">Equipe discente entre 2018 e 2023<br \/><\/strong><\/p>\n<p>Milene Maciel Carlos Leite (doutoranda\/UFF)<br \/>Bruno Leivas (bolsista UFF 2018\/2019)<br \/>Dalby Dienstbach (doutor e mestrando\/UFF)<br \/>Clara Rosa (bolsista UFF 2019-2020)<br \/>Matheus de Magalh\u00e3es e Silva (graduando franc\u00eas)<br \/>Virg\u00ednia Nogueira (graduada ingl\u00eas)<br \/>Gabriela Muniz (graduanda ingl\u00eas)<br \/>Isadora Fortunato (mestranda\/UFF)<br \/>Vit\u00f3ria Chagas (graduanda ingl\u00eas)<br \/>Regina Carneiro (mestranda ingl\u00eas)<br \/>Maria Clara Cunha (graduanda ingl\u00eas)<br \/>B\u00e1rbara Tannuri (doutoranda\/UFF)<br \/>Amanda Rojas (graduanda italiano)<br \/>William Nascimento (graduando ingl\u00eas)<br \/>J\u00falia Veiga (graduanda ingl\u00eas)<br \/>Charbelle Couri (graduada alem\u00e3o)<br \/>Ana Beatriz Firmino Moura (graduando UFF franc\u00eas)<br \/>Jennifer Santos (graduando UFF franc\u00eas)<br \/>Juliana Novaes Franco (graduando UFF franc\u00eas)<br \/>Luckas Catojo (graduando UFF franc\u00eas)<br \/>Thain\u00e1 Carungaba (graduando UFF franc\u00eas)<br \/>Rebeca Estrela (bolsista Inicia\u00e7\u00e3o Cient\u00edfica 2017-2019)<br \/>Marcos S\u00e1 Costa (bolsista de Aux\u00edlio T\u00e9cnico UFF 2017 -2018)<br \/>Karoline Teixeira (bolsista de Aux\u00edlio T\u00e9cnico UFF 2018 -2020)<br \/>Francesca Ciriolo (mestre\/Universidade Unisalento, Lecce)<br \/>Marzia Buttazzo (mestre Universidade Unisalento, tradu\u00e7\u00e3o italiana)<br \/>Alessia Fiorentino (mestre Universidade Unidsalento)<br \/>Martina Desantis (mestre Universidade Roma Tre tradu\u00e7\u00e3o italiana)<br \/>Rosamartina Bellocchio (mestranda Universidade Roma Tre tradu\u00e7\u00e3o italiana)<br \/>Irina Chiadini (mestranda Universidade Roma Tre tradu\u00e7\u00e3o italiana)<br \/>Francesca Grillo (mestranda Universidade Roma Tre tradu\u00e7\u00e3o italiana)<\/p>\n<p>\u00a0<\/p>\n","protected":false},"excerpt":{"rendered":"<p>Equipo Identificaci\u00f3n de todos los participantes del proyecto Coordinaci\u00f3n General Bethania Mariani (UFF) Coordinadora adjunta Guilherme Adorno (UFF \/ FAPERJ) Investigadores asociados M\u00f4nica Fiuza BF (UFF)Vanessa Hanes (UFF)Silmara Dela-Silva (UFF)Carla Moreira (CEFET \u2013 MG)Gian Luigi de Rosa (Universidade Roma 3)Juciele P. Dias (CAP-UERJ \/ PPLIN UERJ FFP)Rivia Fonseca (l\u00edngua latina &#8211; UFRR)Tha\u00edse Pereira Bastos Silva&hellip; <br \/> <a class=\"read-more\" href=\"https:\/\/encidis-uff.com.br\/es\/equipe\/\">Read more<\/a><\/p>\n","protected":false},"author":1,"featured_media":0,"parent":0,"menu_order":0,"comment_status":"closed","ping_status":"closed","template":"","meta":[],"translation":{"provider":"WPGlobus","version":"2.8.11","language":"es","enabled_languages":["br","en","es","fr"],"languages":{"br":{"title":true,"content":true,"excerpt":false},"en":{"title":true,"content":true,"excerpt":false},"es":{"title":false,"content":true,"excerpt":false},"fr":{"title":false,"content":true,"excerpt":false}}},"_links":{"self":[{"href":"https:\/\/encidis-uff.com.br\/es\/wp-json\/wp\/v2\/pages\/534"}],"collection":[{"href":"https:\/\/encidis-uff.com.br\/es\/wp-json\/wp\/v2\/pages"}],"about":[{"href":"https:\/\/encidis-uff.com.br\/es\/wp-json\/wp\/v2\/types\/page"}],"author":[{"embeddable":true,"href":"https:\/\/encidis-uff.com.br\/es\/wp-json\/wp\/v2\/users\/1"}],"replies":[{"embeddable":true,"href":"https:\/\/encidis-uff.com.br\/es\/wp-json\/wp\/v2\/comments?post=534"}],"version-history":[{"count":41,"href":"https:\/\/encidis-uff.com.br\/es\/wp-json\/wp\/v2\/pages\/534\/revisions"}],"predecessor-version":[{"id":1384,"href":"https:\/\/encidis-uff.com.br\/es\/wp-json\/wp\/v2\/pages\/534\/revisions\/1384"}],"wp:attachment":[{"href":"https:\/\/encidis-uff.com.br\/es\/wp-json\/wp\/v2\/media?parent=534"}],"curies":[{"name":"wp","href":"https:\/\/api.w.org\/{rel}","templated":true}]}}