{"id":746,"date":"2020-06-28T10:37:56","date_gmt":"2020-06-28T13:37:56","guid":{"rendered":"http:\/\/encidis-uff.com.br\/?page_id=746"},"modified":"2024-09-10T11:26:31","modified_gmt":"2024-09-10T14:26:31","slug":"legendagem-2","status":"publish","type":"page","link":"https:\/\/encidis-uff.com.br\/es\/legendagem-2\/","title":{"rendered":"Tradu\u00e7\u00e3o"},"content":{"rendered":"<h2>Traducci\u00f3n<\/h2>\n<p>\t\t\t<a href=\"http:\/\/encidis-uff.com.br\/es\/ingles-traducao\/\" role=\"button\"><br \/>\n\t\t\t\t\t\tIngl\u00e9s<br \/>\n\t\t\t\t\t<\/a><br \/>\n\t\t\t<a href=\"http:\/\/encidis-uff.com.br\/es\/frances-traducao\/\" role=\"button\"><br \/>\n\t\t\t\t\t\tFranc\u00e9s<br \/>\n\t\t\t\t\t<\/a><br \/>\n\t\t\t<a href=\"http:\/\/encidis-uff.com.br\/es\/italiano-traducao\/\" role=\"button\"><br \/>\n\t\t\t\t\t\tItaliano<br \/>\n\t\t\t\t\t<\/a><br \/>\n\t\t\t<a href=\"#\" role=\"button\"><br \/>\n\t\t\t\t\t\tLATIM<br \/>\n\t\t\t\t\t<\/a><\/p>\n","protected":false},"excerpt":{"rendered":"<p>Traducci\u00f3n Ingl\u00e9s Franc\u00e9s Italiano LATIM<\/p>\n","protected":false},"author":1,"featured_media":0,"parent":0,"menu_order":0,"comment_status":"closed","ping_status":"closed","template":"","meta":[],"translation":{"provider":"WPGlobus","version":"2.8.11","language":"es","enabled_languages":["br","en","es","fr"],"languages":{"br":{"title":true,"content":true,"excerpt":false},"en":{"title":true,"content":true,"excerpt":false},"es":{"title":false,"content":true,"excerpt":false},"fr":{"title":false,"content":true,"excerpt":false}}},"_links":{"self":[{"href":"https:\/\/encidis-uff.com.br\/es\/wp-json\/wp\/v2\/pages\/746"}],"collection":[{"href":"https:\/\/encidis-uff.com.br\/es\/wp-json\/wp\/v2\/pages"}],"about":[{"href":"https:\/\/encidis-uff.com.br\/es\/wp-json\/wp\/v2\/types\/page"}],"author":[{"embeddable":true,"href":"https:\/\/encidis-uff.com.br\/es\/wp-json\/wp\/v2\/users\/1"}],"replies":[{"embeddable":true,"href":"https:\/\/encidis-uff.com.br\/es\/wp-json\/wp\/v2\/comments?post=746"}],"version-history":[{"count":30,"href":"https:\/\/encidis-uff.com.br\/es\/wp-json\/wp\/v2\/pages\/746\/revisions"}],"predecessor-version":[{"id":1337,"href":"https:\/\/encidis-uff.com.br\/es\/wp-json\/wp\/v2\/pages\/746\/revisions\/1337"}],"wp:attachment":[{"href":"https:\/\/encidis-uff.com.br\/es\/wp-json\/wp\/v2\/media?parent=746"}],"curies":[{"name":"wp","href":"https:\/\/api.w.org\/{rel}","templated":true}]}}