{"id":930,"date":"2020-06-29T08:33:04","date_gmt":"2020-06-29T11:33:04","guid":{"rendered":"http:\/\/encidis-uff.com.br\/?page_id=930"},"modified":"2022-05-16T18:32:55","modified_gmt":"2022-05-16T21:32:55","slug":"contato","status":"publish","type":"page","link":"https:\/\/encidis-uff.com.br\/fr\/contato\/","title":{"rendered":"Contato"},"content":{"rendered":"<h2>Contact<\/h2>\n<h6>contato@encidis-uff.com.br<\/h6>\n<h3>Instituto de Letras, rue Prof. Marcos Waldemar de Freitas, sans num\u00e9ro, Campus do Gragoat\u00e1, bloco C, salle 518 Niter\u00f3i, RJ &#8211; CEP 24210-201<\/h3>\n<p><strong>+55 (21) 2629-2607 \/ 2629-2608<\/strong><\/p>\n<p>\t\t\t<iframe frameborder=\"0\" scrolling=\"no\" marginheight=\"0\" marginwidth=\"0\"\n\t\t\t\t\tsrc=\"https:\/\/maps.google.com\/maps?q=Instituto%20de%20Letras%20R.%20Prof.%20Marcos%20Waldemar%20de%20Freitas%2C%20s%2Fn%C2%BA%20Campus%20do%20Gragoat%C3%A1%2C%20Bloco%20C%20Sala%20518%20Niter%C3%B3i%2C%20RJ&#038;t=m&#038;z=14&#038;output=embed&#038;iwloc=near\"\n\t\t\t\t\ttitle=\"Instituto de Letras R. Prof. Marcos Waldemar de Freitas, s\/n\u00ba Campus do Gragoat\u00e1, Bloco C Sala 518 Niter\u00f3i, RJ\"\n\t\t\t\t\taria-label=\"Instituto de Letras R. Prof. Marcos Waldemar de Freitas, s\/n\u00ba Campus do Gragoat\u00e1, Bloco C Sala 518 Niter\u00f3i, RJ\"\n\t\t\t><\/iframe><\/p>\n","protected":false},"excerpt":{"rendered":"<p>Contact contato@encidis-uff.com.br Instituto de Letras, rue Prof. Marcos Waldemar de Freitas, sans num\u00e9ro, Campus do Gragoat\u00e1, bloco C, salle 518 Niter\u00f3i, RJ &#8211; CEP 24210-201 +55 (21) 2629-2607 \/ 2629-2608<\/p>\n","protected":false},"author":1,"featured_media":0,"parent":0,"menu_order":0,"comment_status":"closed","ping_status":"closed","template":"","meta":[],"translation":{"provider":"WPGlobus","version":"2.8.11","language":"fr","enabled_languages":["br","en","es","fr"],"languages":{"br":{"title":true,"content":true,"excerpt":false},"en":{"title":true,"content":true,"excerpt":false},"es":{"title":false,"content":true,"excerpt":false},"fr":{"title":false,"content":true,"excerpt":false}}},"_links":{"self":[{"href":"https:\/\/encidis-uff.com.br\/fr\/wp-json\/wp\/v2\/pages\/930"}],"collection":[{"href":"https:\/\/encidis-uff.com.br\/fr\/wp-json\/wp\/v2\/pages"}],"about":[{"href":"https:\/\/encidis-uff.com.br\/fr\/wp-json\/wp\/v2\/types\/page"}],"author":[{"embeddable":true,"href":"https:\/\/encidis-uff.com.br\/fr\/wp-json\/wp\/v2\/users\/1"}],"replies":[{"embeddable":true,"href":"https:\/\/encidis-uff.com.br\/fr\/wp-json\/wp\/v2\/comments?post=930"}],"version-history":[{"count":12,"href":"https:\/\/encidis-uff.com.br\/fr\/wp-json\/wp\/v2\/pages\/930\/revisions"}],"predecessor-version":[{"id":1153,"href":"https:\/\/encidis-uff.com.br\/fr\/wp-json\/wp\/v2\/pages\/930\/revisions\/1153"}],"wp:attachment":[{"href":"https:\/\/encidis-uff.com.br\/fr\/wp-json\/wp\/v2\/media?parent=930"}],"curies":[{"name":"wp","href":"https:\/\/api.w.org\/{rel}","templated":true}]}}